{"id":8767,"date":"2025-08-29T12:23:45","date_gmt":"2025-08-29T09:23:45","guid":{"rendered":"https:\/\/petityu.com\/?post_type=product&#038;p=8767"},"modified":"2025-09-16T19:21:26","modified_gmt":"2025-09-16T16:21:26","slug":"petityu-isikli-tekerlekli-stitch-cekcek-sirt-cantasi-smiggle-trolley","status":"publish","type":"product","link":"https:\/\/petityu.com\/en\/petityu-isikli-tekerlekli-stitch-cekcek-sirt-cantasi-smiggle-trolley\/","title":{"rendered":"Petityu I\u015f\u0131kl\u0131 Tekerlekli Stitch \u00c7ek\u00e7ek S\u0131rt \u00c7antas\u0131 Smiggle Trolley"},"content":{"rendered":"<p><p class=\"MsoNormal\"><span>Hareketle etkinle\u015ftirilen \u0131\u015f\u0131kl\u0131 tekerlekler&nbsp;<\/span><\/SPAN><span><br><span><span>4 adet fermuarl\u0131 b\u00f6lme, \u00e7ift fermuarl\u0131 ana b\u00f6lme&nbsp;<\/span><\/span><br><span><span>Yast\u0131kl\u0131 ayarlanabilir omuz ask\u0131lar\u0131&nbsp;<\/span><\/span><br><span><span>Uzat\u0131labilir plastik araba kolu&nbsp;<\/span><\/span><br><span><span>Yast\u0131kl\u0131 ta\u015f\u0131ma kolu&nbsp;<\/span><\/span><br><span><span>15 in\u00e7 diz\u00fcst\u00fc bilgisayar b\u00f6lmesi&nbsp;<\/span><\/span><br><span><span>Sa\u011flam plastik tekerlekler ve taban ayaklar\u0131&nbsp;<\/span><\/span><br><span><span>Dahili ad etiketi&nbsp;<\/span><\/span><br><span><span>\u00c7\u0131kar\u0131lamayan tramvay \u00e7antas\u0131 \u00e7er\u00e7evesi<\/span><\/span><br><span><span>Yakla\u015f\u0131k. 18L kapasite A\u011f\u0131rl\u0131k: 1,5 kg&nbsp;<\/span><\/span><br><span><span>G 38cm x Y 52cm x D22cm<\/span><\/span><\/span><span><\/span><\/P><span><\/span><\/p>","protected":false},"excerpt":{"rendered":"<p>Hareketle etkinle\u015ftirilen \u0131\u015f\u0131kl\u0131 tekerlekler&nbsp;4 adet fermuarl\u0131 b\u00f6lme, \u00e7ift fermuarl\u0131 ana b\u00f6lme&nbsp;Yast\u0131kl\u0131 ayarlanabilir omuz ask\u0131lar\u0131&nbsp;Uzat\u0131labilir plastik araba kolu&nbsp;Yast\u0131kl\u0131 ta\u015f\u0131ma kolu&nbsp;15 in\u00e7 diz\u00fcst\u00fc bilgisayar b\u00f6lmesi&nbsp;Sa\u011flam plastik tekerlekler&hellip;<\/p>","protected":false},"featured_media":8762,"template":"","meta":[],"product_brand":[],"product_cat":[909],"product_tag":[],"class_list":{"0":"post-8767","1":"product","2":"type-product","3":"status-publish","4":"has-post-thumbnail","6":"product_cat-cantaa","8":"first","9":"outofstock","10":"taxable","11":"shipping-taxable","12":"purchasable","13":"product-type-simple"},"_links":{"self":[{"href":"https:\/\/petityu.com\/en\/wp-json\/wp\/v2\/product\/8767","targetHints":{"allow":["GET"]}}],"collection":[{"href":"https:\/\/petityu.com\/en\/wp-json\/wp\/v2\/product"}],"about":[{"href":"https:\/\/petityu.com\/en\/wp-json\/wp\/v2\/types\/product"}],"wp:featuredmedia":[{"embeddable":true,"href":"https:\/\/petityu.com\/en\/wp-json\/wp\/v2\/media\/8762"}],"wp:attachment":[{"href":"https:\/\/petityu.com\/en\/wp-json\/wp\/v2\/media?parent=8767"}],"wp:term":[{"taxonomy":"product_brand","embeddable":true,"href":"https:\/\/petityu.com\/en\/wp-json\/wp\/v2\/product_brand?post=8767"},{"taxonomy":"product_cat","embeddable":true,"href":"https:\/\/petityu.com\/en\/wp-json\/wp\/v2\/product_cat?post=8767"},{"taxonomy":"product_tag","embeddable":true,"href":"https:\/\/petityu.com\/en\/wp-json\/wp\/v2\/product_tag?post=8767"}],"curies":[{"name":"wp","href":"https:\/\/api.w.org\/{rel}","templated":true}]}}