{"id":8816,"date":"2025-09-08T15:52:56","date_gmt":"2025-09-08T12:52:56","guid":{"rendered":"https:\/\/petityu.com\/?post_type=product&#038;p=8816"},"modified":"2025-12-30T14:26:48","modified_gmt":"2025-12-30T11:26:48","slug":"petityu-stitch-su-gecirmez-sirin-yagmurluk","status":"publish","type":"product","link":"https:\/\/petityu.com\/en\/petityu-stitch-su-gecirmez-sirin-yagmurluk\/","title":{"rendered":"Petityu Stitch Su Ge\u00e7irmez \u015eirin Ya\u011fmurluk"},"content":{"rendered":"<p><p>Su Ge\u00e7irmez \u015eirin Ya\u011fmurluk<\/p><br \/>\n<p>Mavi Renk<\/p><br \/>\n<p>Stitch ya\u011fmurluk<\/p><\/p>","protected":false},"excerpt":{"rendered":"<p>Su Ge\u00e7irmez \u015eirin Ya\u011fmurluk Mavi Renk Stitch ya\u011fmurluk<\/p>","protected":false},"featured_media":8814,"template":"","meta":[],"product_brand":[],"product_cat":[973],"product_tag":[],"class_list":{"0":"post-8816","1":"product","2":"type-product","3":"status-publish","4":"has-post-thumbnail","6":"product_cat-yagmurluk-tulum-yagmur-pantalonu","8":"first","9":"instock","10":"taxable","11":"shipping-taxable","12":"purchasable","13":"product-type-variable"},"_links":{"self":[{"href":"https:\/\/petityu.com\/en\/wp-json\/wp\/v2\/product\/8816","targetHints":{"allow":["GET"]}}],"collection":[{"href":"https:\/\/petityu.com\/en\/wp-json\/wp\/v2\/product"}],"about":[{"href":"https:\/\/petityu.com\/en\/wp-json\/wp\/v2\/types\/product"}],"wp:featuredmedia":[{"embeddable":true,"href":"https:\/\/petityu.com\/en\/wp-json\/wp\/v2\/media\/8814"}],"wp:attachment":[{"href":"https:\/\/petityu.com\/en\/wp-json\/wp\/v2\/media?parent=8816"}],"wp:term":[{"taxonomy":"product_brand","embeddable":true,"href":"https:\/\/petityu.com\/en\/wp-json\/wp\/v2\/product_brand?post=8816"},{"taxonomy":"product_cat","embeddable":true,"href":"https:\/\/petityu.com\/en\/wp-json\/wp\/v2\/product_cat?post=8816"},{"taxonomy":"product_tag","embeddable":true,"href":"https:\/\/petityu.com\/en\/wp-json\/wp\/v2\/product_tag?post=8816"}],"curies":[{"name":"wp","href":"https:\/\/api.w.org\/{rel}","templated":true}]}}