{"id":8828,"date":"2025-09-10T16:07:58","date_gmt":"2025-09-10T13:07:58","guid":{"rendered":"https:\/\/petityu.com\/?post_type=product&#038;p=8828"},"modified":"2025-12-23T14:35:27","modified_gmt":"2025-12-23T11:35:27","slug":"petityu-smiggle-futbol-livewire-erkek-cocuk-ilkokul-ortaokul-lise-canta-klasik-okul-cantasi-smiggle-top-sirt-cantasi","status":"publish","type":"product","link":"https:\/\/petityu.com\/en\/petityu-smiggle-futbol-livewire-erkek-cocuk-ilkokul-ortaokul-lise-canta-klasik-okul-cantasi-smiggle-top-sirt-cantasi\/","title":{"rendered":"Petityu Smiggle Futbol Livewire Erkek \u00c7ocuk \u0130lkokul Ortaokul Lise \u00c7anta Klasik Okul \u00c7antas\u0131 Smiggle Top S\u0131rt \u00c7antas\u0131"},"content":{"rendered":"<p><p>Smiggle Livewire S\u0131rt \u00c7antas\u0131<\/p><br \/>\n<p>Erkek \u00c7ocuk Futbol \u0130lkokul Ortaokul Lise Klasik Okul \u00c7antas\u0131<\/p><\/p>","protected":false},"excerpt":{"rendered":"<p>Smiggle Livewire S\u0131rt \u00c7antas\u0131 Erkek \u00c7ocuk Futbol \u0130lkokul Ortaokul Lise Klasik Okul \u00c7antas\u0131<\/p>","protected":false},"featured_media":8824,"template":"","meta":[],"product_brand":[],"product_cat":[998],"product_tag":[],"class_list":{"0":"post-8828","1":"product","2":"type-product","3":"status-publish","4":"has-post-thumbnail","6":"product_cat-canta","8":"first","9":"outofstock","10":"taxable","11":"shipping-taxable","12":"purchasable","13":"product-type-simple"},"_links":{"self":[{"href":"https:\/\/petityu.com\/en\/wp-json\/wp\/v2\/product\/8828","targetHints":{"allow":["GET"]}}],"collection":[{"href":"https:\/\/petityu.com\/en\/wp-json\/wp\/v2\/product"}],"about":[{"href":"https:\/\/petityu.com\/en\/wp-json\/wp\/v2\/types\/product"}],"wp:featuredmedia":[{"embeddable":true,"href":"https:\/\/petityu.com\/en\/wp-json\/wp\/v2\/media\/8824"}],"wp:attachment":[{"href":"https:\/\/petityu.com\/en\/wp-json\/wp\/v2\/media?parent=8828"}],"wp:term":[{"taxonomy":"product_brand","embeddable":true,"href":"https:\/\/petityu.com\/en\/wp-json\/wp\/v2\/product_brand?post=8828"},{"taxonomy":"product_cat","embeddable":true,"href":"https:\/\/petityu.com\/en\/wp-json\/wp\/v2\/product_cat?post=8828"},{"taxonomy":"product_tag","embeddable":true,"href":"https:\/\/petityu.com\/en\/wp-json\/wp\/v2\/product_tag?post=8828"}],"curies":[{"name":"wp","href":"https:\/\/api.w.org\/{rel}","templated":true}]}}