{"id":8846,"date":"2025-09-15T14:16:31","date_gmt":"2025-09-15T11:16:31","guid":{"rendered":"https:\/\/petityu.com\/?post_type=product&#038;p=8846"},"modified":"2026-03-15T09:33:24","modified_gmt":"2026-03-15T06:33:24","slug":"petityu-astranot-3d-spaceship-kirmizi-fermuar-kalem-kutusu","status":"publish","type":"product","link":"https:\/\/petityu.com\/en\/petityu-astranot-3d-spaceship-kirmizi-fermuar-kalem-kutusu\/","title":{"rendered":"Petityu Astranot 3d Spaceship K\u0131rm\u0131z\u0131 Fermuar Kalem Kutusu"},"content":{"rendered":"<p><p>3d sert ama hafif kalem kutusu<\/p><\/p>","protected":false},"excerpt":{"rendered":"<p>3d sert ama hafif kalem kutusu<\/p>","protected":false},"featured_media":8845,"template":"","meta":[],"product_brand":[],"product_cat":[999],"product_tag":[],"class_list":{"0":"post-8846","1":"product","2":"type-product","3":"status-publish","4":"has-post-thumbnail","6":"product_cat-kalem-kutusu-erkekcocuk","8":"first","9":"instock","10":"taxable","11":"shipping-taxable","12":"purchasable","13":"product-type-simple"},"_links":{"self":[{"href":"https:\/\/petityu.com\/en\/wp-json\/wp\/v2\/product\/8846","targetHints":{"allow":["GET"]}}],"collection":[{"href":"https:\/\/petityu.com\/en\/wp-json\/wp\/v2\/product"}],"about":[{"href":"https:\/\/petityu.com\/en\/wp-json\/wp\/v2\/types\/product"}],"wp:featuredmedia":[{"embeddable":true,"href":"https:\/\/petityu.com\/en\/wp-json\/wp\/v2\/media\/8845"}],"wp:attachment":[{"href":"https:\/\/petityu.com\/en\/wp-json\/wp\/v2\/media?parent=8846"}],"wp:term":[{"taxonomy":"product_brand","embeddable":true,"href":"https:\/\/petityu.com\/en\/wp-json\/wp\/v2\/product_brand?post=8846"},{"taxonomy":"product_cat","embeddable":true,"href":"https:\/\/petityu.com\/en\/wp-json\/wp\/v2\/product_cat?post=8846"},{"taxonomy":"product_tag","embeddable":true,"href":"https:\/\/petityu.com\/en\/wp-json\/wp\/v2\/product_tag?post=8846"}],"curies":[{"name":"wp","href":"https:\/\/api.w.org\/{rel}","templated":true}]}}