{"id":8848,"date":"2025-09-15T14:45:33","date_gmt":"2025-09-15T11:45:33","guid":{"rendered":"https:\/\/petityu.com\/petityu-astranot-otomatik-lacivert-bol-tuslu-bol-dugmeli-kilitlenebilir-space-kalem-kutu\/"},"modified":"2026-03-03T00:26:29","modified_gmt":"2026-03-02T21:26:29","slug":"petityu-astranot-otomatik-lacivert-bol-tuslu-bol-dugmeli-kilitlenebilir-space-kalem-kutu","status":"publish","type":"product","link":"https:\/\/petityu.com\/en\/petityu-astranot-otomatik-lacivert-bol-tuslu-bol-dugmeli-kilitlenebilir-space-kalem-kutu\/","title":{"rendered":"Petityu Astranot Otomatik Lacivert Bol Tu\u015flu Bol D\u00fc\u011fmeli Kilitlenebilir Space Kalem Kutu"},"content":{"rendered":"<p><p>Space astronot desenli<\/p><br \/>\n<p>Bol tu\u015flu bol d\u00fc\u011fmeli otomatik kilitlenebilir kalem kutu<\/p><br \/>\n<p>Dark blue<\/p><\/p>","protected":false},"excerpt":{"rendered":"<p>Space astronot desenli Bol tu\u015flu bol d\u00fc\u011fmeli otomatik kilitlenebilir kalem kutu Lacivert<\/p>","protected":false},"featured_media":8847,"template":"","meta":[],"product_brand":[],"product_cat":[999],"product_tag":[],"class_list":{"0":"post-8848","1":"product","2":"type-product","3":"status-publish","4":"has-post-thumbnail","6":"product_cat-kalem-kutusu-erkekcocuk","8":"first","9":"outofstock","10":"taxable","11":"shipping-taxable","12":"purchasable","13":"product-type-simple"},"_links":{"self":[{"href":"https:\/\/petityu.com\/en\/wp-json\/wp\/v2\/product\/8848","targetHints":{"allow":["GET"]}}],"collection":[{"href":"https:\/\/petityu.com\/en\/wp-json\/wp\/v2\/product"}],"about":[{"href":"https:\/\/petityu.com\/en\/wp-json\/wp\/v2\/types\/product"}],"wp:featuredmedia":[{"embeddable":true,"href":"https:\/\/petityu.com\/en\/wp-json\/wp\/v2\/media\/8847"}],"wp:attachment":[{"href":"https:\/\/petityu.com\/en\/wp-json\/wp\/v2\/media?parent=8848"}],"wp:term":[{"taxonomy":"product_brand","embeddable":true,"href":"https:\/\/petityu.com\/en\/wp-json\/wp\/v2\/product_brand?post=8848"},{"taxonomy":"product_cat","embeddable":true,"href":"https:\/\/petityu.com\/en\/wp-json\/wp\/v2\/product_cat?post=8848"},{"taxonomy":"product_tag","embeddable":true,"href":"https:\/\/petityu.com\/en\/wp-json\/wp\/v2\/product_tag?post=8848"}],"curies":[{"name":"wp","href":"https:\/\/api.w.org\/{rel}","templated":true}]}}