{"id":8870,"date":"2025-09-18T16:55:41","date_gmt":"2025-09-18T13:55:41","guid":{"rendered":"https:\/\/petityu.com\/petityu-my-melody-cift-tarafli-giyilebilir-sirin-mevsimlik-pembe-kiz-cocuk-yagmurluk\/"},"modified":"2026-03-07T18:36:44","modified_gmt":"2026-03-07T15:36:44","slug":"petityu-my-melody-cift-tarafli-giyilebilir-sirin-mevsimlik-pembe-kiz-cocuk-yagmurluk","status":"publish","type":"product","link":"https:\/\/petityu.com\/en\/petityu-my-melody-cift-tarafli-giyilebilir-sirin-mevsimlik-pembe-kiz-cocuk-yagmurluk\/","title":{"rendered":"Petityu My Melody \u00c7ift Tarafl\u0131 Giyilebilir \u015eirin Mevsimlik Pembe K\u0131z \u00c7ocuk Ya\u011fmurluk"},"content":{"rendered":"<p><p>My Melody \u00c7ift Tarafl\u0131 Giyilebilir Mevsimlik Ya\u011fmurluk<\/p><br \/>\n<p>Pink<\/p><\/p>","protected":false},"excerpt":{"rendered":"<p>My Melody \u00c7ift Tarafl\u0131 Giyilebilir Mevsimlik Ya\u011fmurluk Pembe<\/p>","protected":false},"featured_media":8866,"template":"","meta":[],"product_brand":[],"product_cat":[973],"product_tag":[],"class_list":{"0":"post-8870","1":"product","2":"type-product","3":"status-publish","4":"has-post-thumbnail","6":"product_cat-yagmurluk-tulum-yagmur-pantalonu","8":"first","9":"outofstock","10":"taxable","11":"shipping-taxable","12":"purchasable","13":"product-type-variable"},"_links":{"self":[{"href":"https:\/\/petityu.com\/en\/wp-json\/wp\/v2\/product\/8870","targetHints":{"allow":["GET"]}}],"collection":[{"href":"https:\/\/petityu.com\/en\/wp-json\/wp\/v2\/product"}],"about":[{"href":"https:\/\/petityu.com\/en\/wp-json\/wp\/v2\/types\/product"}],"wp:featuredmedia":[{"embeddable":true,"href":"https:\/\/petityu.com\/en\/wp-json\/wp\/v2\/media\/8866"}],"wp:attachment":[{"href":"https:\/\/petityu.com\/en\/wp-json\/wp\/v2\/media?parent=8870"}],"wp:term":[{"taxonomy":"product_brand","embeddable":true,"href":"https:\/\/petityu.com\/en\/wp-json\/wp\/v2\/product_brand?post=8870"},{"taxonomy":"product_cat","embeddable":true,"href":"https:\/\/petityu.com\/en\/wp-json\/wp\/v2\/product_cat?post=8870"},{"taxonomy":"product_tag","embeddable":true,"href":"https:\/\/petityu.com\/en\/wp-json\/wp\/v2\/product_tag?post=8870"}],"curies":[{"name":"wp","href":"https:\/\/api.w.org\/{rel}","templated":true}]}}