{"id":8920,"date":"2025-10-16T16:53:34","date_gmt":"2025-10-16T13:53:34","guid":{"rendered":"https:\/\/petityu.com\/petityu-sirin-mavi-bere-eldiven-atki-set\/"},"modified":"2025-10-20T12:23:28","modified_gmt":"2025-10-20T09:23:28","slug":"petityu-sirin-mavi-bere-eldiven-atki-set","status":"publish","type":"product","link":"https:\/\/petityu.com\/en\/petityu-sirin-mavi-bere-eldiven-atki-set\/","title":{"rendered":"Petityu \u015eirin Mavi Bere Eldiven Atk\u0131 Set"},"content":{"rendered":"<p><p>\u015eirin Mavi Bere Eldiven Atk\u0131 Set<\/p><br \/>\n<p>5-9 Ya\u015f<\/p><\/p>","protected":false},"excerpt":{"rendered":"<p>\u015eirin Mavi Bere Eldiven Atk\u0131 Set 5-9 Ya\u015f<\/p>","protected":false},"featured_media":8919,"template":"","meta":[],"product_brand":[],"product_cat":[981],"product_tag":[],"class_list":{"0":"post-8920","1":"product","2":"type-product","3":"status-publish","4":"has-post-thumbnail","6":"product_cat-bere-atki-eldiven","8":"first","9":"instock","10":"taxable","11":"shipping-taxable","12":"purchasable","13":"product-type-simple"},"_links":{"self":[{"href":"https:\/\/petityu.com\/en\/wp-json\/wp\/v2\/product\/8920","targetHints":{"allow":["GET"]}}],"collection":[{"href":"https:\/\/petityu.com\/en\/wp-json\/wp\/v2\/product"}],"about":[{"href":"https:\/\/petityu.com\/en\/wp-json\/wp\/v2\/types\/product"}],"wp:featuredmedia":[{"embeddable":true,"href":"https:\/\/petityu.com\/en\/wp-json\/wp\/v2\/media\/8919"}],"wp:attachment":[{"href":"https:\/\/petityu.com\/en\/wp-json\/wp\/v2\/media?parent=8920"}],"wp:term":[{"taxonomy":"product_brand","embeddable":true,"href":"https:\/\/petityu.com\/en\/wp-json\/wp\/v2\/product_brand?post=8920"},{"taxonomy":"product_cat","embeddable":true,"href":"https:\/\/petityu.com\/en\/wp-json\/wp\/v2\/product_cat?post=8920"},{"taxonomy":"product_tag","embeddable":true,"href":"https:\/\/petityu.com\/en\/wp-json\/wp\/v2\/product_tag?post=8920"}],"curies":[{"name":"wp","href":"https:\/\/api.w.org\/{rel}","templated":true}]}}