{"id":8922,"date":"2025-10-16T17:06:19","date_gmt":"2025-10-16T14:06:19","guid":{"rendered":"https:\/\/petityu.com\/petityu-sicacik-yumusacik-esnek-mavi-eldiven\/"},"modified":"2026-01-21T11:29:40","modified_gmt":"2026-01-21T08:29:40","slug":"petityu-sicacik-yumusacik-esnek-mavi-eldiven","status":"publish","type":"product","link":"https:\/\/petityu.com\/en\/petityu-sicacik-yumusacik-esnek-mavi-eldiven\/","title":{"rendered":"Petityu S\u0131cac\u0131k Yumu\u015fac\u0131k Esnek Mavi Eldiven"},"content":{"rendered":"<p><p>S\u0131cac\u0131k Yumu\u015fac\u0131k Esnek \u00c7ocuk&nbsp;Eldiven<\/p><br \/>\n<p>Blue<\/p><\/p>","protected":false},"excerpt":{"rendered":"<p>S\u0131cac\u0131k Yumu\u015fac\u0131k Esnek \u00c7ocuk&nbsp;Eldiven Mavi<\/p>","protected":false},"featured_media":8921,"template":"","meta":[],"product_brand":[],"product_cat":[981],"product_tag":[],"class_list":{"0":"post-8922","1":"product","2":"type-product","3":"status-publish","4":"has-post-thumbnail","6":"product_cat-bere-atki-eldiven","8":"first","9":"instock","10":"taxable","11":"shipping-taxable","12":"purchasable","13":"product-type-simple"},"_links":{"self":[{"href":"https:\/\/petityu.com\/en\/wp-json\/wp\/v2\/product\/8922","targetHints":{"allow":["GET"]}}],"collection":[{"href":"https:\/\/petityu.com\/en\/wp-json\/wp\/v2\/product"}],"about":[{"href":"https:\/\/petityu.com\/en\/wp-json\/wp\/v2\/types\/product"}],"wp:featuredmedia":[{"embeddable":true,"href":"https:\/\/petityu.com\/en\/wp-json\/wp\/v2\/media\/8921"}],"wp:attachment":[{"href":"https:\/\/petityu.com\/en\/wp-json\/wp\/v2\/media?parent=8922"}],"wp:term":[{"taxonomy":"product_brand","embeddable":true,"href":"https:\/\/petityu.com\/en\/wp-json\/wp\/v2\/product_brand?post=8922"},{"taxonomy":"product_cat","embeddable":true,"href":"https:\/\/petityu.com\/en\/wp-json\/wp\/v2\/product_cat?post=8922"},{"taxonomy":"product_tag","embeddable":true,"href":"https:\/\/petityu.com\/en\/wp-json\/wp\/v2\/product_tag?post=8922"}],"curies":[{"name":"wp","href":"https:\/\/api.w.org\/{rel}","templated":true}]}}