{"id":8924,"date":"2025-10-16T17:21:23","date_gmt":"2025-10-16T14:21:23","guid":{"rendered":"https:\/\/petityu.com\/petityu-yumusacik-sicacik-parmak-ucsuz-sirin-asiri-esnek-rahat-giyilen-eldiven\/"},"modified":"2026-02-26T14:46:21","modified_gmt":"2026-02-26T11:46:21","slug":"petityu-yumusacik-sicacik-parmak-ucsuz-sirin-asiri-esnek-rahat-giyilen-eldiven","status":"publish","type":"product","link":"https:\/\/petityu.com\/en\/petityu-yumusacik-sicacik-parmak-ucsuz-sirin-asiri-esnek-rahat-giyilen-eldiven\/","title":{"rendered":"Petityu Yumu\u015fac\u0131k S\u0131cac\u0131k Parmak U\u00e7suz \u015eirin A\u015f\u0131r\u0131 Esnek Rahat Giyilen Eldiven"},"content":{"rendered":"<p>Parmak U\u00e7suz \u015eirin A\u015f\u0131r\u0131 Esnek Rahat Giyilen Yumu\u015fac\u0131k \u00c7ocuk Eldiven<\/p>","protected":false},"excerpt":{"rendered":"<p>Parmak U\u00e7suz \u015eirin A\u015f\u0131r\u0131 Esnek Rahat Giyilen Yumu\u015fac\u0131k \u00c7ocuk Eldiven<\/p>","protected":false},"featured_media":8923,"template":"","meta":[],"product_brand":[],"product_cat":[981],"product_tag":[],"class_list":{"0":"post-8924","1":"product","2":"type-product","3":"status-publish","4":"has-post-thumbnail","6":"product_cat-bere-atki-eldiven","8":"first","9":"instock","10":"taxable","11":"shipping-taxable","12":"purchasable","13":"product-type-simple"},"_links":{"self":[{"href":"https:\/\/petityu.com\/en\/wp-json\/wp\/v2\/product\/8924","targetHints":{"allow":["GET"]}}],"collection":[{"href":"https:\/\/petityu.com\/en\/wp-json\/wp\/v2\/product"}],"about":[{"href":"https:\/\/petityu.com\/en\/wp-json\/wp\/v2\/types\/product"}],"wp:featuredmedia":[{"embeddable":true,"href":"https:\/\/petityu.com\/en\/wp-json\/wp\/v2\/media\/8923"}],"wp:attachment":[{"href":"https:\/\/petityu.com\/en\/wp-json\/wp\/v2\/media?parent=8924"}],"wp:term":[{"taxonomy":"product_brand","embeddable":true,"href":"https:\/\/petityu.com\/en\/wp-json\/wp\/v2\/product_brand?post=8924"},{"taxonomy":"product_cat","embeddable":true,"href":"https:\/\/petityu.com\/en\/wp-json\/wp\/v2\/product_cat?post=8924"},{"taxonomy":"product_tag","embeddable":true,"href":"https:\/\/petityu.com\/en\/wp-json\/wp\/v2\/product_tag?post=8924"}],"curies":[{"name":"wp","href":"https:\/\/api.w.org\/{rel}","templated":true}]}}