{"id":8929,"date":"2025-10-16T17:36:41","date_gmt":"2025-10-16T14:36:41","guid":{"rendered":"https:\/\/petityu.com\/petityu-smiggle-ilkokul-ortaokul-lise-minecraft-okul-cantasi\/"},"modified":"2026-01-11T20:26:21","modified_gmt":"2026-01-11T17:26:21","slug":"petityu-smiggle-ilkokul-ortaokul-lise-minecraft-okul-cantasi","status":"publish","type":"product","link":"https:\/\/petityu.com\/en\/petityu-smiggle-ilkokul-ortaokul-lise-minecraft-okul-cantasi\/","title":{"rendered":"Petityu Smiggle \u0130lkokul Ortaokul Lise Minecraft Okul \u00c7antas\u0131"},"content":{"rendered":"<p>\u0130lkokul Ortaokul Lise&nbsp;Smiggle Minecraft Okul \u00c7antas\u0131<\/p>","protected":false},"excerpt":{"rendered":"<p>\u0130lkokul Ortaokul Lise&nbsp;Smiggle Minecraft Okul \u00c7antas\u0131<\/p>","protected":false},"featured_media":8925,"template":"","meta":[],"product_brand":[],"product_cat":[998],"product_tag":[],"class_list":{"0":"post-8929","1":"product","2":"type-product","3":"status-publish","4":"has-post-thumbnail","6":"product_cat-canta","8":"first","9":"outofstock","10":"taxable","11":"shipping-taxable","12":"purchasable","13":"product-type-simple"},"_links":{"self":[{"href":"https:\/\/petityu.com\/en\/wp-json\/wp\/v2\/product\/8929","targetHints":{"allow":["GET"]}}],"collection":[{"href":"https:\/\/petityu.com\/en\/wp-json\/wp\/v2\/product"}],"about":[{"href":"https:\/\/petityu.com\/en\/wp-json\/wp\/v2\/types\/product"}],"wp:featuredmedia":[{"embeddable":true,"href":"https:\/\/petityu.com\/en\/wp-json\/wp\/v2\/media\/8925"}],"wp:attachment":[{"href":"https:\/\/petityu.com\/en\/wp-json\/wp\/v2\/media?parent=8929"}],"wp:term":[{"taxonomy":"product_brand","embeddable":true,"href":"https:\/\/petityu.com\/en\/wp-json\/wp\/v2\/product_brand?post=8929"},{"taxonomy":"product_cat","embeddable":true,"href":"https:\/\/petityu.com\/en\/wp-json\/wp\/v2\/product_cat?post=8929"},{"taxonomy":"product_tag","embeddable":true,"href":"https:\/\/petityu.com\/en\/wp-json\/wp\/v2\/product_tag?post=8929"}],"curies":[{"name":"wp","href":"https:\/\/api.w.org\/{rel}","templated":true}]}}