{"id":8934,"date":"2025-10-17T14:26:23","date_gmt":"2025-10-17T11:26:23","guid":{"rendered":"https:\/\/petityu.com\/petityu-smiggle-beslenme-cantasi-minecraft-okul-beslenme-cantasi\/"},"modified":"2026-03-02T16:09:34","modified_gmt":"2026-03-02T13:09:34","slug":"petityu-smiggle-beslenme-cantasi-minecraft-okul-beslenme-cantasi","status":"publish","type":"product","link":"https:\/\/petityu.com\/en\/petityu-smiggle-beslenme-cantasi-minecraft-okul-beslenme-cantasi\/","title":{"rendered":"Petityu Smiggle Beslenme \u00c7antas\u0131 Minecraft Okul Beslenme \u00c7antas\u0131"},"content":{"rendered":"<p><p>Smiggle Minecraft Okul Beslenme \u00c7antas\u0131<\/p><br \/>\n<p>BPA i\u00e7ermez<\/p><br \/>\n<p>Yemekleri serin tutar<\/p><br \/>\n<p>\u00c7ift fermuarl\u0131<\/p><br \/>\n<p>Ayarlanabilir omuz ask\u0131l\u0131<\/p><br \/>\n<p>\u0130sim Soyisim yazma alan\u0131<\/p><br \/>\n<p>Y\u00fckselik: 18cm<\/p><br \/>\n<p>Geni\u015flik: 24.5 cm<\/p><br \/>\n<p>Derinlik: 15.5 cm<\/p><br \/>\n<p>Toplam kapasite: 758 ml<\/p><\/p>","protected":false},"excerpt":{"rendered":"<p>Smiggle Minecraft Okul Beslenme \u00c7antas\u0131 BPA i\u00e7ermez Yemekleri serin tutar \u00c7ift fermuarl\u0131 Ayarlanabilir omuz ask\u0131l\u0131 \u0130sim Soyisim yazma alan\u0131 Y\u00fckselik: 18cm Geni\u015flik: 24.5 cm Derinlik:&hellip;<\/p>","protected":false},"featured_media":8930,"template":"","meta":[],"product_brand":[],"product_cat":[998],"product_tag":[],"class_list":{"0":"post-8934","1":"product","2":"type-product","3":"status-publish","4":"has-post-thumbnail","6":"product_cat-canta","8":"first","9":"instock","10":"taxable","11":"shipping-taxable","12":"purchasable","13":"product-type-simple"},"_links":{"self":[{"href":"https:\/\/petityu.com\/en\/wp-json\/wp\/v2\/product\/8934","targetHints":{"allow":["GET"]}}],"collection":[{"href":"https:\/\/petityu.com\/en\/wp-json\/wp\/v2\/product"}],"about":[{"href":"https:\/\/petityu.com\/en\/wp-json\/wp\/v2\/types\/product"}],"wp:featuredmedia":[{"embeddable":true,"href":"https:\/\/petityu.com\/en\/wp-json\/wp\/v2\/media\/8930"}],"wp:attachment":[{"href":"https:\/\/petityu.com\/en\/wp-json\/wp\/v2\/media?parent=8934"}],"wp:term":[{"taxonomy":"product_brand","embeddable":true,"href":"https:\/\/petityu.com\/en\/wp-json\/wp\/v2\/product_brand?post=8934"},{"taxonomy":"product_cat","embeddable":true,"href":"https:\/\/petityu.com\/en\/wp-json\/wp\/v2\/product_cat?post=8934"},{"taxonomy":"product_tag","embeddable":true,"href":"https:\/\/petityu.com\/en\/wp-json\/wp\/v2\/product_tag?post=8934"}],"curies":[{"name":"wp","href":"https:\/\/api.w.org\/{rel}","templated":true}]}}