{"id":8937,"date":"2025-10-17T15:10:27","date_gmt":"2025-10-17T12:10:27","guid":{"rendered":"https:\/\/petityu.com\/petityu-smiggle-minecraft-tuslu-hesap-makineli-basmali-sert-kapakli-kalem-kutu\/"},"modified":"2025-10-25T12:50:28","modified_gmt":"2025-10-25T09:50:28","slug":"petityu-smiggle-minecraft-tuslu-hesap-makineli-basmali-sert-kapakli-kalem-kutu","status":"publish","type":"product","link":"https:\/\/petityu.com\/en\/petityu-smiggle-minecraft-tuslu-hesap-makineli-basmali-sert-kapakli-kalem-kutu\/","title":{"rendered":"Petityu Smiggle Minecraft Tu\u015flu Hesap Makineli Basmal\u0131 Sert Kapakl\u0131 Kalem Kutu"},"content":{"rendered":"<p>Smiggle Minecraft tu\u015flu hesap makineli sert kapakl\u0131 kalem kutusu<\/p>","protected":false},"excerpt":{"rendered":"<p>Smiggle Minecraft tu\u015flu hesap makineli sert kapakl\u0131 kalem kutusu<\/p>","protected":false},"featured_media":8935,"template":"","meta":[],"product_brand":[],"product_cat":[999],"product_tag":[],"class_list":{"0":"post-8937","1":"product","2":"type-product","3":"status-publish","4":"has-post-thumbnail","6":"product_cat-kalem-kutusu-erkekcocuk","8":"first","9":"outofstock","10":"taxable","11":"shipping-taxable","12":"purchasable","13":"product-type-simple"},"_links":{"self":[{"href":"https:\/\/petityu.com\/en\/wp-json\/wp\/v2\/product\/8937","targetHints":{"allow":["GET"]}}],"collection":[{"href":"https:\/\/petityu.com\/en\/wp-json\/wp\/v2\/product"}],"about":[{"href":"https:\/\/petityu.com\/en\/wp-json\/wp\/v2\/types\/product"}],"wp:featuredmedia":[{"embeddable":true,"href":"https:\/\/petityu.com\/en\/wp-json\/wp\/v2\/media\/8935"}],"wp:attachment":[{"href":"https:\/\/petityu.com\/en\/wp-json\/wp\/v2\/media?parent=8937"}],"wp:term":[{"taxonomy":"product_brand","embeddable":true,"href":"https:\/\/petityu.com\/en\/wp-json\/wp\/v2\/product_brand?post=8937"},{"taxonomy":"product_cat","embeddable":true,"href":"https:\/\/petityu.com\/en\/wp-json\/wp\/v2\/product_cat?post=8937"},{"taxonomy":"product_tag","embeddable":true,"href":"https:\/\/petityu.com\/en\/wp-json\/wp\/v2\/product_tag?post=8937"}],"curies":[{"name":"wp","href":"https:\/\/api.w.org\/{rel}","templated":true}]}}