{"id":8960,"date":"2025-11-17T15:14:59","date_gmt":"2025-11-17T12:14:59","guid":{"rendered":"https:\/\/petityu.com\/elf-elf-on-a-shelf-yilbasi-elf-oyuncak\/"},"modified":"2026-02-21T11:06:45","modified_gmt":"2026-02-21T08:06:45","slug":"elf-elf-on-a-shelf-yilbasi-elf-oyuncak","status":"publish","type":"product","link":"https:\/\/petityu.com\/en\/elf-elf-on-a-shelf-yilbasi-elf-oyuncak\/","title":{"rendered":"Elf (elf on a shelf) Y\u0131lba\u015f\u0131 Elf Oyuncak"},"content":{"rendered":"<p><p>Elf Oyuncak<\/p><br \/>\n<p>Y\u0131lba\u015f\u0131 Elf Oyuncak<\/p><\/p>","protected":false},"excerpt":{"rendered":"<p>Elf Oyuncak Y\u0131lba\u015f\u0131 Elf Oyuncak<\/p>","protected":false},"featured_media":8953,"template":"","meta":[],"product_brand":[],"product_cat":[15],"product_tag":[],"class_list":{"0":"post-8960","1":"product","2":"type-product","3":"status-publish","4":"has-post-thumbnail","6":"product_cat-genel","8":"first","9":"instock","10":"taxable","11":"shipping-taxable","12":"purchasable","13":"product-type-simple"},"_links":{"self":[{"href":"https:\/\/petityu.com\/en\/wp-json\/wp\/v2\/product\/8960","targetHints":{"allow":["GET"]}}],"collection":[{"href":"https:\/\/petityu.com\/en\/wp-json\/wp\/v2\/product"}],"about":[{"href":"https:\/\/petityu.com\/en\/wp-json\/wp\/v2\/types\/product"}],"wp:featuredmedia":[{"embeddable":true,"href":"https:\/\/petityu.com\/en\/wp-json\/wp\/v2\/media\/8953"}],"wp:attachment":[{"href":"https:\/\/petityu.com\/en\/wp-json\/wp\/v2\/media?parent=8960"}],"wp:term":[{"taxonomy":"product_brand","embeddable":true,"href":"https:\/\/petityu.com\/en\/wp-json\/wp\/v2\/product_brand?post=8960"},{"taxonomy":"product_cat","embeddable":true,"href":"https:\/\/petityu.com\/en\/wp-json\/wp\/v2\/product_cat?post=8960"},{"taxonomy":"product_tag","embeddable":true,"href":"https:\/\/petityu.com\/en\/wp-json\/wp\/v2\/product_tag?post=8960"}],"curies":[{"name":"wp","href":"https:\/\/api.w.org\/{rel}","templated":true}]}}