{"id":8968,"date":"2025-12-09T15:05:43","date_gmt":"2025-12-09T12:05:43","guid":{"rendered":"https:\/\/petityu.com\/petityu-sicacik-tutan-eldiven-kadifemsi-pembe-ici-kurklu-unicorn-happy-kiz-cocuk\/"},"modified":"2026-02-26T14:45:32","modified_gmt":"2026-02-26T11:45:32","slug":"petityu-sicacik-tutan-eldiven-kadifemsi-pembe-ici-kurklu-unicorn-happy-kiz-cocuk","status":"publish","type":"product","link":"https:\/\/petityu.com\/en\/petityu-sicacik-tutan-eldiven-kadifemsi-pembe-ici-kurklu-unicorn-happy-kiz-cocuk\/","title":{"rendered":"Petityu S\u0131cac\u0131k Tutan Eldiven Kadifemsi Pembe \u0130\u00e7i K\u00fcrkl\u00fc Unicorn Happy K\u0131z \u00c7ocuk"},"content":{"rendered":"<p><p>S\u0131cac\u0131k tutan kadifemsi pembe i\u00e7i k\u00fcrkl\u00fc k\u0131z \u00e7ocuk eldiven<\/p><br \/>\n<p>5-10 ya\u015f<\/p><\/p>","protected":false},"excerpt":{"rendered":"<p>S\u0131cac\u0131k tutan kadifemsi pembe i\u00e7i k\u00fcrkl\u00fc k\u0131z \u00e7ocuk eldiven 5-10 ya\u015f<\/p>","protected":false},"featured_media":8967,"template":"","meta":[],"product_brand":[],"product_cat":[981],"product_tag":[],"class_list":{"0":"post-8968","1":"product","2":"type-product","3":"status-publish","4":"has-post-thumbnail","6":"product_cat-bere-atki-eldiven","8":"first","9":"instock","10":"taxable","11":"shipping-taxable","12":"purchasable","13":"product-type-simple"},"_links":{"self":[{"href":"https:\/\/petityu.com\/en\/wp-json\/wp\/v2\/product\/8968","targetHints":{"allow":["GET"]}}],"collection":[{"href":"https:\/\/petityu.com\/en\/wp-json\/wp\/v2\/product"}],"about":[{"href":"https:\/\/petityu.com\/en\/wp-json\/wp\/v2\/types\/product"}],"wp:featuredmedia":[{"embeddable":true,"href":"https:\/\/petityu.com\/en\/wp-json\/wp\/v2\/media\/8967"}],"wp:attachment":[{"href":"https:\/\/petityu.com\/en\/wp-json\/wp\/v2\/media?parent=8968"}],"wp:term":[{"taxonomy":"product_brand","embeddable":true,"href":"https:\/\/petityu.com\/en\/wp-json\/wp\/v2\/product_brand?post=8968"},{"taxonomy":"product_cat","embeddable":true,"href":"https:\/\/petityu.com\/en\/wp-json\/wp\/v2\/product_cat?post=8968"},{"taxonomy":"product_tag","embeddable":true,"href":"https:\/\/petityu.com\/en\/wp-json\/wp\/v2\/product_tag?post=8968"}],"curies":[{"name":"wp","href":"https:\/\/api.w.org\/{rel}","templated":true}]}}