{"id":8970,"date":"2025-12-09T15:52:28","date_gmt":"2025-12-09T12:52:28","guid":{"rendered":"https:\/\/petityu.com\/kaydirmaz-sicak-tutan-patik-ev-okul-patik-corap-terlik-siyah\/"},"modified":"2026-03-16T14:18:37","modified_gmt":"2026-03-16T11:18:37","slug":"kaydirmaz-sicak-tutan-patik-ev-okul-patik-corap-terlik-siyah","status":"publish","type":"product","link":"https:\/\/petityu.com\/en\/kaydirmaz-sicak-tutan-patik-ev-okul-patik-corap-terlik-siyah\/","title":{"rendered":"Kayd\u0131rmaz S\u0131cak Tutan Patik Ev Okul Patik \u00c7orap Terlik Siyah"},"content":{"rendered":"<p><p>Kayd\u0131rmaz s\u0131cak tutan siyah patik<\/p><br \/>\n<p>Ev okul patik \u00e7orap siyah<\/p><br \/>\n<p>0-1 ya\u015f: 20-21 numarad\u0131r<\/p><\/p>","protected":false},"excerpt":{"rendered":"<p>Kayd\u0131rmaz s\u0131cak tutan siyah patik Ev okul patik \u00e7orap siyah 0-1 ya\u015f: 20-21 numarad\u0131r<\/p>","protected":false},"featured_media":8969,"template":"","meta":[],"product_brand":[],"product_cat":[994],"product_tag":[],"class_list":{"0":"post-8970","1":"product","2":"type-product","3":"status-publish","4":"has-post-thumbnail","6":"product_cat-patik-terlik-okul-evpanduf","8":"first","9":"instock","10":"taxable","11":"shipping-taxable","12":"purchasable","13":"product-type-variable"},"_links":{"self":[{"href":"https:\/\/petityu.com\/en\/wp-json\/wp\/v2\/product\/8970","targetHints":{"allow":["GET"]}}],"collection":[{"href":"https:\/\/petityu.com\/en\/wp-json\/wp\/v2\/product"}],"about":[{"href":"https:\/\/petityu.com\/en\/wp-json\/wp\/v2\/types\/product"}],"wp:featuredmedia":[{"embeddable":true,"href":"https:\/\/petityu.com\/en\/wp-json\/wp\/v2\/media\/8969"}],"wp:attachment":[{"href":"https:\/\/petityu.com\/en\/wp-json\/wp\/v2\/media?parent=8970"}],"wp:term":[{"taxonomy":"product_brand","embeddable":true,"href":"https:\/\/petityu.com\/en\/wp-json\/wp\/v2\/product_brand?post=8970"},{"taxonomy":"product_cat","embeddable":true,"href":"https:\/\/petityu.com\/en\/wp-json\/wp\/v2\/product_cat?post=8970"},{"taxonomy":"product_tag","embeddable":true,"href":"https:\/\/petityu.com\/en\/wp-json\/wp\/v2\/product_tag?post=8970"}],"curies":[{"name":"wp","href":"https:\/\/api.w.org\/{rel}","templated":true}]}}