{"id":8983,"date":"2025-12-12T14:17:08","date_gmt":"2025-12-12T11:17:08","guid":{"rendered":"https:\/\/petityu.com\/petityu-pembe-orme-unicorn-eldiven-6-12-yas\/"},"modified":"2026-01-12T14:40:10","modified_gmt":"2026-01-12T11:40:10","slug":"petityu-pembe-orme-unicorn-eldiven-6-12-yas","status":"publish","type":"product","link":"https:\/\/petityu.com\/en\/petityu-pembe-orme-unicorn-eldiven-6-12-yas\/","title":{"rendered":"Petityu Pembe \u00d6rme Unicorn Eldiven 6-12 Ya\u015f"},"content":{"rendered":"<p><p>Pembe Unicorn Desenli \u00d6rme Eldiven<\/p><br \/>\n<p>6-12 Ya\u015f<\/p><\/p>","protected":false},"excerpt":{"rendered":"<p>Pembe Unicorn Desenli \u00d6rme Eldiven 6-12 Ya\u015f<\/p>","protected":false},"featured_media":8982,"template":"","meta":[],"product_brand":[],"product_cat":[981],"product_tag":[],"class_list":{"0":"post-8983","1":"product","2":"type-product","3":"status-publish","4":"has-post-thumbnail","6":"product_cat-bere-atki-eldiven","8":"first","9":"instock","10":"taxable","11":"shipping-taxable","12":"purchasable","13":"product-type-simple"},"_links":{"self":[{"href":"https:\/\/petityu.com\/en\/wp-json\/wp\/v2\/product\/8983","targetHints":{"allow":["GET"]}}],"collection":[{"href":"https:\/\/petityu.com\/en\/wp-json\/wp\/v2\/product"}],"about":[{"href":"https:\/\/petityu.com\/en\/wp-json\/wp\/v2\/types\/product"}],"wp:featuredmedia":[{"embeddable":true,"href":"https:\/\/petityu.com\/en\/wp-json\/wp\/v2\/media\/8982"}],"wp:attachment":[{"href":"https:\/\/petityu.com\/en\/wp-json\/wp\/v2\/media?parent=8983"}],"wp:term":[{"taxonomy":"product_brand","embeddable":true,"href":"https:\/\/petityu.com\/en\/wp-json\/wp\/v2\/product_brand?post=8983"},{"taxonomy":"product_cat","embeddable":true,"href":"https:\/\/petityu.com\/en\/wp-json\/wp\/v2\/product_cat?post=8983"},{"taxonomy":"product_tag","embeddable":true,"href":"https:\/\/petityu.com\/en\/wp-json\/wp\/v2\/product_tag?post=8983"}],"curies":[{"name":"wp","href":"https:\/\/api.w.org\/{rel}","templated":true}]}}