{"id":8985,"date":"2025-12-12T14:30:40","date_gmt":"2025-12-12T11:30:40","guid":{"rendered":"https:\/\/petityu.com\/petityu-unicorn-mint-mor-yele-orme-sicacik-eldiven\/"},"modified":"2025-12-30T14:38:42","modified_gmt":"2025-12-30T11:38:42","slug":"petityu-unicorn-mint-mor-yele-orme-sicacik-eldiven","status":"publish","type":"product","link":"https:\/\/petityu.com\/en\/petityu-unicorn-mint-mor-yele-orme-sicacik-eldiven\/","title":{"rendered":"Petityu Unicorn Mint Mor Yele \u00d6rme S\u0131cac\u0131k Eldiven"},"content":{"rendered":"<p><p>Uniorn desenli mint mor yele \u00f6rme s\u0131cac\u0131k tutan eldiven<\/p><br \/>\n<p>6-12 ya\u015f<\/p><\/p>","protected":false},"excerpt":{"rendered":"<p>Uniorn desenli mint mor yele \u00f6rme s\u0131cac\u0131k tutan eldiven 6-12 ya\u015f<\/p>","protected":false},"featured_media":8984,"template":"","meta":[],"product_brand":[],"product_cat":[981],"product_tag":[],"class_list":{"0":"post-8985","1":"product","2":"type-product","3":"status-publish","4":"has-post-thumbnail","6":"product_cat-bere-atki-eldiven","8":"first","9":"instock","10":"taxable","11":"shipping-taxable","12":"purchasable","13":"product-type-simple"},"_links":{"self":[{"href":"https:\/\/petityu.com\/en\/wp-json\/wp\/v2\/product\/8985","targetHints":{"allow":["GET"]}}],"collection":[{"href":"https:\/\/petityu.com\/en\/wp-json\/wp\/v2\/product"}],"about":[{"href":"https:\/\/petityu.com\/en\/wp-json\/wp\/v2\/types\/product"}],"wp:featuredmedia":[{"embeddable":true,"href":"https:\/\/petityu.com\/en\/wp-json\/wp\/v2\/media\/8984"}],"wp:attachment":[{"href":"https:\/\/petityu.com\/en\/wp-json\/wp\/v2\/media?parent=8985"}],"wp:term":[{"taxonomy":"product_brand","embeddable":true,"href":"https:\/\/petityu.com\/en\/wp-json\/wp\/v2\/product_brand?post=8985"},{"taxonomy":"product_cat","embeddable":true,"href":"https:\/\/petityu.com\/en\/wp-json\/wp\/v2\/product_cat?post=8985"},{"taxonomy":"product_tag","embeddable":true,"href":"https:\/\/petityu.com\/en\/wp-json\/wp\/v2\/product_tag?post=8985"}],"curies":[{"name":"wp","href":"https:\/\/api.w.org\/{rel}","templated":true}]}}