{"id":8987,"date":"2025-12-12T14:46:26","date_gmt":"2025-12-12T11:46:26","guid":{"rendered":"https:\/\/petityu.com\/petityu-orme-eksavator-insaat-mavi-parmak-kapama-sicacik-eldiven\/"},"modified":"2026-02-24T16:19:35","modified_gmt":"2026-02-24T13:19:35","slug":"petityu-orme-eksavator-insaat-mavi-parmak-kapama-sicacik-eldiven","status":"publish","type":"product","link":"https:\/\/petityu.com\/en\/petityu-orme-eksavator-insaat-mavi-parmak-kapama-sicacik-eldiven\/","title":{"rendered":"Petityu \u00d6rme Eksavat\u00f6r \u0130n\u015faat Mavi Parmak Kapama S\u0131cac\u0131k Eldiven"},"content":{"rendered":"<p><p>\u00d6rme S\u0131cac\u0131k Eldiven<\/p><br \/>\n<p>Eskavat\u00f6r \u0130n\u015faat Desenli Mavi Parmak Kapama Eldiven<\/p><br \/>\n<p>4-8 Ya\u015f<\/p><\/p>","protected":false},"excerpt":{"rendered":"<p>\u00d6rme S\u0131cac\u0131k Eldiven Eskavat\u00f6r \u0130n\u015faat Desenli Mavi Parmak Kapama Eldiven 4-8 Ya\u015f<\/p>","protected":false},"featured_media":8986,"template":"","meta":[],"product_brand":[],"product_cat":[997],"product_tag":[],"class_list":{"0":"post-8987","1":"product","2":"type-product","3":"status-publish","4":"has-post-thumbnail","6":"product_cat-atki-bere-eldiven","8":"first","9":"instock","10":"taxable","11":"shipping-taxable","12":"purchasable","13":"product-type-simple"},"_links":{"self":[{"href":"https:\/\/petityu.com\/en\/wp-json\/wp\/v2\/product\/8987","targetHints":{"allow":["GET"]}}],"collection":[{"href":"https:\/\/petityu.com\/en\/wp-json\/wp\/v2\/product"}],"about":[{"href":"https:\/\/petityu.com\/en\/wp-json\/wp\/v2\/types\/product"}],"wp:featuredmedia":[{"embeddable":true,"href":"https:\/\/petityu.com\/en\/wp-json\/wp\/v2\/media\/8986"}],"wp:attachment":[{"href":"https:\/\/petityu.com\/en\/wp-json\/wp\/v2\/media?parent=8987"}],"wp:term":[{"taxonomy":"product_brand","embeddable":true,"href":"https:\/\/petityu.com\/en\/wp-json\/wp\/v2\/product_brand?post=8987"},{"taxonomy":"product_cat","embeddable":true,"href":"https:\/\/petityu.com\/en\/wp-json\/wp\/v2\/product_cat?post=8987"},{"taxonomy":"product_tag","embeddable":true,"href":"https:\/\/petityu.com\/en\/wp-json\/wp\/v2\/product_tag?post=8987"}],"curies":[{"name":"wp","href":"https:\/\/api.w.org\/{rel}","templated":true}]}}