{"id":8989,"date":"2025-12-15T13:53:28","date_gmt":"2025-12-15T10:53:28","guid":{"rendered":"https:\/\/petityu.com\/sicacik-sirin-erkek-cocuk-lacivert-serce-parmak-mavi-turuncu-dino-1-4-yas\/"},"modified":"2026-03-08T22:32:40","modified_gmt":"2026-03-08T19:32:40","slug":"sicacik-sirin-erkek-cocuk-lacivert-serce-parmak-mavi-turuncu-dino-1-4-yas","status":"publish","type":"product","link":"https:\/\/petityu.com\/en\/sicacik-sirin-erkek-cocuk-lacivert-serce-parmak-mavi-turuncu-dino-1-4-yas\/","title":{"rendered":"S\u0131cac\u0131k \u015eirin Erkek \u00c7ocuk Lacivert Ser\u00e7e Parmak Mavi Turuncu Dino 1-4 Ya\u015f"},"content":{"rendered":"<p><p>S\u0131cac\u0131k \u015eirin Erkek \u00c7ocuk Eldiven<\/p><br \/>\n<p>Lacivert Ser\u00e7e Parmak Mavi Turuncu Dino Eldiven<\/p><br \/>\n<p>1-4 Ya\u015f<\/p><\/p>","protected":false},"excerpt":{"rendered":"<p>S\u0131cac\u0131k \u015eirin Erkek \u00c7ocuk Eldiven Lacivert Ser\u00e7e Parmak Mavi Turuncu Dino Eldiven 1-4 Ya\u015f<\/p>","protected":false},"featured_media":8988,"template":"","meta":[],"product_brand":[],"product_cat":[997],"product_tag":[],"class_list":{"0":"post-8989","1":"product","2":"type-product","3":"status-publish","4":"has-post-thumbnail","6":"product_cat-atki-bere-eldiven","8":"first","9":"instock","10":"taxable","11":"shipping-taxable","12":"purchasable","13":"product-type-simple"},"_links":{"self":[{"href":"https:\/\/petityu.com\/en\/wp-json\/wp\/v2\/product\/8989","targetHints":{"allow":["GET"]}}],"collection":[{"href":"https:\/\/petityu.com\/en\/wp-json\/wp\/v2\/product"}],"about":[{"href":"https:\/\/petityu.com\/en\/wp-json\/wp\/v2\/types\/product"}],"wp:featuredmedia":[{"embeddable":true,"href":"https:\/\/petityu.com\/en\/wp-json\/wp\/v2\/media\/8988"}],"wp:attachment":[{"href":"https:\/\/petityu.com\/en\/wp-json\/wp\/v2\/media?parent=8989"}],"wp:term":[{"taxonomy":"product_brand","embeddable":true,"href":"https:\/\/petityu.com\/en\/wp-json\/wp\/v2\/product_brand?post=8989"},{"taxonomy":"product_cat","embeddable":true,"href":"https:\/\/petityu.com\/en\/wp-json\/wp\/v2\/product_cat?post=8989"},{"taxonomy":"product_tag","embeddable":true,"href":"https:\/\/petityu.com\/en\/wp-json\/wp\/v2\/product_tag?post=8989"}],"curies":[{"name":"wp","href":"https:\/\/api.w.org\/{rel}","templated":true}]}}