{"id":8999,"date":"2026-01-06T15:43:13","date_gmt":"2026-01-06T12:43:13","guid":{"rendered":"https:\/\/petityu.com\/petityu-su-gecirmez-ici-kurklu-sicacik-tutan-bere\/"},"modified":"2026-02-27T16:37:13","modified_gmt":"2026-02-27T13:37:13","slug":"petityu-su-gecirmez-ici-kurklu-sicacik-tutan-bere","status":"publish","type":"product","link":"https:\/\/petityu.com\/en\/petityu-su-gecirmez-ici-kurklu-sicacik-tutan-bere\/","title":{"rendered":"Petityu Su Ge\u00e7irmez \u0130\u00e7i K\u00fcrkl\u00fc S\u0131cac\u0131k Tutan Bere"},"content":{"rendered":"<p><p>Su ge\u00e7irmez unicorn desenli pembe bere<\/p><br \/>\n<p>S\u0131cac\u0131k tutan i\u00e7i k\u00fcrkl\u00fc bere<\/p><br \/>\n<p>2-4 ya\u015f<\/p><\/p>","protected":false},"excerpt":{"rendered":"<p>Su ge\u00e7irmez unicorn desenli pembe bere S\u0131cac\u0131k tutan i\u00e7i k\u00fcrkl\u00fc bere 2-4 ya\u015f<\/p>","protected":false},"featured_media":8998,"template":"","meta":[],"product_brand":[],"product_cat":[981],"product_tag":[],"class_list":{"0":"post-8999","1":"product","2":"type-product","3":"status-publish","4":"has-post-thumbnail","6":"product_cat-bere-atki-eldiven","8":"first","9":"instock","10":"taxable","11":"shipping-taxable","12":"purchasable","13":"product-type-simple"},"_links":{"self":[{"href":"https:\/\/petityu.com\/en\/wp-json\/wp\/v2\/product\/8999","targetHints":{"allow":["GET"]}}],"collection":[{"href":"https:\/\/petityu.com\/en\/wp-json\/wp\/v2\/product"}],"about":[{"href":"https:\/\/petityu.com\/en\/wp-json\/wp\/v2\/types\/product"}],"wp:featuredmedia":[{"embeddable":true,"href":"https:\/\/petityu.com\/en\/wp-json\/wp\/v2\/media\/8998"}],"wp:attachment":[{"href":"https:\/\/petityu.com\/en\/wp-json\/wp\/v2\/media?parent=8999"}],"wp:term":[{"taxonomy":"product_brand","embeddable":true,"href":"https:\/\/petityu.com\/en\/wp-json\/wp\/v2\/product_brand?post=8999"},{"taxonomy":"product_cat","embeddable":true,"href":"https:\/\/petityu.com\/en\/wp-json\/wp\/v2\/product_cat?post=8999"},{"taxonomy":"product_tag","embeddable":true,"href":"https:\/\/petityu.com\/en\/wp-json\/wp\/v2\/product_tag?post=8999"}],"curies":[{"name":"wp","href":"https:\/\/api.w.org\/{rel}","templated":true}]}}