{"id":9001,"date":"2026-01-20T15:05:25","date_gmt":"2026-01-20T12:05:25","guid":{"rendered":"https:\/\/petityu.com\/petityu-sicacik-tutan-ici-kurklu-laci-turuncu-dino-tek-parmak-orme-eldiven\/"},"modified":"2026-01-24T18:10:57","modified_gmt":"2026-01-24T15:10:57","slug":"petityu-sicacik-tutan-ici-kurklu-laci-turuncu-dino-tek-parmak-orme-eldiven","status":"publish","type":"product","link":"https:\/\/petityu.com\/en\/petityu-sicacik-tutan-ici-kurklu-laci-turuncu-dino-tek-parmak-orme-eldiven\/","title":{"rendered":"Petityu S\u0131cac\u0131k Tutan \u0130\u00e7i K\u00fcrkl\u00fc Laci Turuncu Dino Tek Parmak \u00d6rme Eldiven"},"content":{"rendered":"<p><p>S\u0131cac\u0131k tutan i\u00e7i k\u00fcrkl\u00fc \u00f6rme eldiven<\/p><br \/>\n<p>Lacivert turuncu dino tek parmak \u00f6rme eldiven<\/p><br \/>\n<p>2-4 ya\u015fa uygun<\/p><\/p>","protected":false},"excerpt":{"rendered":"<p>S\u0131cac\u0131k tutan i\u00e7i k\u00fcrkl\u00fc \u00f6rme eldiven Lacivert turuncu dino tek parmak \u00f6rme eldiven 2-4 ya\u015fa uygun<\/p>","protected":false},"featured_media":9000,"template":"","meta":[],"product_brand":[],"product_cat":[997],"product_tag":[],"class_list":{"0":"post-9001","1":"product","2":"type-product","3":"status-publish","4":"has-post-thumbnail","6":"product_cat-atki-bere-eldiven","8":"first","9":"instock","10":"taxable","11":"shipping-taxable","12":"purchasable","13":"product-type-simple"},"_links":{"self":[{"href":"https:\/\/petityu.com\/en\/wp-json\/wp\/v2\/product\/9001","targetHints":{"allow":["GET"]}}],"collection":[{"href":"https:\/\/petityu.com\/en\/wp-json\/wp\/v2\/product"}],"about":[{"href":"https:\/\/petityu.com\/en\/wp-json\/wp\/v2\/types\/product"}],"wp:featuredmedia":[{"embeddable":true,"href":"https:\/\/petityu.com\/en\/wp-json\/wp\/v2\/media\/9000"}],"wp:attachment":[{"href":"https:\/\/petityu.com\/en\/wp-json\/wp\/v2\/media?parent=9001"}],"wp:term":[{"taxonomy":"product_brand","embeddable":true,"href":"https:\/\/petityu.com\/en\/wp-json\/wp\/v2\/product_brand?post=9001"},{"taxonomy":"product_cat","embeddable":true,"href":"https:\/\/petityu.com\/en\/wp-json\/wp\/v2\/product_cat?post=9001"},{"taxonomy":"product_tag","embeddable":true,"href":"https:\/\/petityu.com\/en\/wp-json\/wp\/v2\/product_tag?post=9001"}],"curies":[{"name":"wp","href":"https:\/\/api.w.org\/{rel}","templated":true}]}}