{"id":9003,"date":"2026-01-20T15:25:52","date_gmt":"2026-01-20T12:25:52","guid":{"rendered":"https:\/\/petityu.com\/petityu-tek-parmak-ici-kalin-kurklu-sicacik-tutan-orme-dino-gri-laci-eldiven\/"},"modified":"2026-02-04T15:41:40","modified_gmt":"2026-02-04T12:41:40","slug":"petityu-tek-parmak-ici-kalin-kurklu-sicacik-tutan-orme-dino-gri-laci-eldiven","status":"publish","type":"product","link":"https:\/\/petityu.com\/en\/petityu-tek-parmak-ici-kalin-kurklu-sicacik-tutan-orme-dino-gri-laci-eldiven\/","title":{"rendered":"Petityu Tek Parmak \u0130\u00e7i Kal\u0131n K\u00fcrkl\u00fc S\u0131cac\u0131k Tutan \u00d6rme Dino Gri Laci Eldiven"},"content":{"rendered":"<p><p>S\u0131cac\u0131k tutan i\u00e7i kal\u0131n k\u00fcrkl\u00fc \u00f6rme eldiven<\/p><br \/>\n<p>Gri lacivert dino tek parmak \u00f6rme eldiven<\/p><br \/>\n<p>2-5 ya\u015fa uygun<\/p><\/p>","protected":false},"excerpt":{"rendered":"<p>S\u0131cac\u0131k tutan i\u00e7i kal\u0131n k\u00fcrkl\u00fc \u00f6rme eldiven Gri lacivert dino tek parmak \u00f6rme eldiven 2-5 ya\u015fa uygun<\/p>","protected":false},"featured_media":9002,"template":"","meta":[],"product_brand":[],"product_cat":[997],"product_tag":[],"class_list":{"0":"post-9003","1":"product","2":"type-product","3":"status-publish","4":"has-post-thumbnail","6":"product_cat-atki-bere-eldiven","8":"first","9":"instock","10":"taxable","11":"shipping-taxable","12":"purchasable","13":"product-type-simple"},"_links":{"self":[{"href":"https:\/\/petityu.com\/en\/wp-json\/wp\/v2\/product\/9003","targetHints":{"allow":["GET"]}}],"collection":[{"href":"https:\/\/petityu.com\/en\/wp-json\/wp\/v2\/product"}],"about":[{"href":"https:\/\/petityu.com\/en\/wp-json\/wp\/v2\/types\/product"}],"wp:featuredmedia":[{"embeddable":true,"href":"https:\/\/petityu.com\/en\/wp-json\/wp\/v2\/media\/9002"}],"wp:attachment":[{"href":"https:\/\/petityu.com\/en\/wp-json\/wp\/v2\/media?parent=9003"}],"wp:term":[{"taxonomy":"product_brand","embeddable":true,"href":"https:\/\/petityu.com\/en\/wp-json\/wp\/v2\/product_brand?post=9003"},{"taxonomy":"product_cat","embeddable":true,"href":"https:\/\/petityu.com\/en\/wp-json\/wp\/v2\/product_cat?post=9003"},{"taxonomy":"product_tag","embeddable":true,"href":"https:\/\/petityu.com\/en\/wp-json\/wp\/v2\/product_tag?post=9003"}],"curies":[{"name":"wp","href":"https:\/\/api.w.org\/{rel}","templated":true}]}}