{"id":9005,"date":"2026-01-20T16:07:08","date_gmt":"2026-01-20T13:07:08","guid":{"rendered":"https:\/\/petityu.com\/petityu-space-uzayli-dino-sicacik-tutan-orme-sirin-eldiven-3-6-yas\/"},"modified":"2026-01-24T18:11:00","modified_gmt":"2026-01-24T15:11:00","slug":"petityu-space-uzayli-dino-sicacik-tutan-orme-sirin-eldiven-3-6-yas","status":"publish","type":"product","link":"https:\/\/petityu.com\/en\/petityu-space-uzayli-dino-sicacik-tutan-orme-sirin-eldiven-3-6-yas\/","title":{"rendered":"Petityu Space Uzayl\u0131 Dino S\u0131cac\u0131k Tutan \u00d6rme \u015eirin Eldiven 3-6 Ya\u015f"},"content":{"rendered":"<p><p>S\u0131cac\u0131k tutan space uzayl\u0131 desenli \u015firin \u00f6rme eldiven<\/p><br \/>\n<p>A\u00e7\u0131k mavi renk<\/p><br \/>\n<p>3-6 ya\u015fa uygun<\/p><\/p>","protected":false},"excerpt":{"rendered":"<p>S\u0131cac\u0131k tutan space uzayl\u0131 desenli \u015firin \u00f6rme eldiven A\u00e7\u0131k mavi renk 3-6 ya\u015fa uygun<\/p>","protected":false},"featured_media":9004,"template":"","meta":[],"product_brand":[],"product_cat":[997],"product_tag":[],"class_list":{"0":"post-9005","1":"product","2":"type-product","3":"status-publish","4":"has-post-thumbnail","6":"product_cat-atki-bere-eldiven","8":"first","9":"instock","10":"taxable","11":"shipping-taxable","12":"purchasable","13":"product-type-simple"},"_links":{"self":[{"href":"https:\/\/petityu.com\/en\/wp-json\/wp\/v2\/product\/9005","targetHints":{"allow":["GET"]}}],"collection":[{"href":"https:\/\/petityu.com\/en\/wp-json\/wp\/v2\/product"}],"about":[{"href":"https:\/\/petityu.com\/en\/wp-json\/wp\/v2\/types\/product"}],"wp:featuredmedia":[{"embeddable":true,"href":"https:\/\/petityu.com\/en\/wp-json\/wp\/v2\/media\/9004"}],"wp:attachment":[{"href":"https:\/\/petityu.com\/en\/wp-json\/wp\/v2\/media?parent=9005"}],"wp:term":[{"taxonomy":"product_brand","embeddable":true,"href":"https:\/\/petityu.com\/en\/wp-json\/wp\/v2\/product_brand?post=9005"},{"taxonomy":"product_cat","embeddable":true,"href":"https:\/\/petityu.com\/en\/wp-json\/wp\/v2\/product_cat?post=9005"},{"taxonomy":"product_tag","embeddable":true,"href":"https:\/\/petityu.com\/en\/wp-json\/wp\/v2\/product_tag?post=9005"}],"curies":[{"name":"wp","href":"https:\/\/api.w.org\/{rel}","templated":true}]}}