{"id":9009,"date":"2026-02-03T14:18:17","date_gmt":"2026-02-03T11:18:17","guid":{"rendered":"https:\/\/petityu.com\/celik-termos-suluk-pipetli-agiz-dayamali-bardakli-my-melody-pembe-celik-sicak-soguk-tutan-termos-suluk-matara-sirin\/"},"modified":"2026-02-03T14:18:17","modified_gmt":"2026-02-03T11:18:17","slug":"celik-termos-suluk-pipetli-agiz-dayamali-bardakli-my-melody-pembe-celik-sicak-soguk-tutan-termos-suluk-matara-sirin","status":"publish","type":"product","link":"https:\/\/petityu.com\/en\/celik-termos-suluk-pipetli-agiz-dayamali-bardakli-my-melody-pembe-celik-sicak-soguk-tutan-termos-suluk-matara-sirin\/","title":{"rendered":"\u00c7elik Termos Suluk Pipetli &#8211; A\u011f\u0131z Dayamal\u0131- Bardakl\u0131 My Melody Pembe \u00c7elik S\u0131cak So\u011fuk Tutan Termos Suluk Matara \u015eirin"},"content":{"rendered":"<p><p>S\u0131cak so\u011fuk tutan termos suluk matara<\/p><br \/>\n<p>Pembe my melody desenli<\/p><br \/>\n<p>A\u011f\u0131z dayamal\u0131 bardakl\u0131 pipetli \u00e7elik \u015firin termos suluk<\/p><br \/>\n<p>500 ml kapasiteli<\/p><\/p>","protected":false},"excerpt":{"rendered":"<p>S\u0131cak so\u011fuk tutan termos suluk matara Pembe my melody desenli A\u011f\u0131z dayamal\u0131 bardakl\u0131 pipetli \u00e7elik \u015firin termos suluk 500 ml kapasiteli<\/p>","protected":false},"featured_media":9006,"template":"","meta":[],"product_brand":[],"product_cat":[982],"product_tag":[],"class_list":{"0":"post-9009","1":"product","2":"type-product","3":"status-publish","4":"has-post-thumbnail","6":"product_cat-matara-termos-suluk","8":"first","9":"instock","10":"taxable","11":"shipping-taxable","12":"purchasable","13":"product-type-simple"},"_links":{"self":[{"href":"https:\/\/petityu.com\/en\/wp-json\/wp\/v2\/product\/9009","targetHints":{"allow":["GET"]}}],"collection":[{"href":"https:\/\/petityu.com\/en\/wp-json\/wp\/v2\/product"}],"about":[{"href":"https:\/\/petityu.com\/en\/wp-json\/wp\/v2\/types\/product"}],"wp:featuredmedia":[{"embeddable":true,"href":"https:\/\/petityu.com\/en\/wp-json\/wp\/v2\/media\/9006"}],"wp:attachment":[{"href":"https:\/\/petityu.com\/en\/wp-json\/wp\/v2\/media?parent=9009"}],"wp:term":[{"taxonomy":"product_brand","embeddable":true,"href":"https:\/\/petityu.com\/en\/wp-json\/wp\/v2\/product_brand?post=9009"},{"taxonomy":"product_cat","embeddable":true,"href":"https:\/\/petityu.com\/en\/wp-json\/wp\/v2\/product_cat?post=9009"},{"taxonomy":"product_tag","embeddable":true,"href":"https:\/\/petityu.com\/en\/wp-json\/wp\/v2\/product_tag?post=9009"}],"curies":[{"name":"wp","href":"https:\/\/api.w.org\/{rel}","templated":true}]}}