{"id":9012,"date":"2026-02-03T14:34:13","date_gmt":"2026-02-03T11:34:13","guid":{"rendered":"https:\/\/petityu.com\/pipetli-celik-suluk-matara-cinnamoroll-kemik-rengi-sirin-termos-suluk\/"},"modified":"2026-02-03T14:34:13","modified_gmt":"2026-02-03T11:34:13","slug":"pipetli-celik-suluk-matara-cinnamoroll-kemik-rengi-sirin-termos-suluk","status":"publish","type":"product","link":"https:\/\/petityu.com\/en\/pipetli-celik-suluk-matara-cinnamoroll-kemik-rengi-sirin-termos-suluk\/","title":{"rendered":"Pipetli \u00c7elik Suluk Matara Cinnamoroll Kemik Rengi \u015eirin Termos Suluk"},"content":{"rendered":"<p><p>Pipetli \u00e7elik matara suluk<\/p><br \/>\n<p>Kemik rengi \u015firin cinnamoroll termos matara<\/p><br \/>\n<p>450 ml kapasiteli<\/p><\/p>","protected":false},"excerpt":{"rendered":"<p>Pipetli \u00e7elik matara suluk Kemik rengi \u015firin cinnamoroll termos matara 450 ml kapasiteli<\/p>","protected":false},"featured_media":9010,"template":"","meta":[],"product_brand":[],"product_cat":[982],"product_tag":[],"class_list":{"0":"post-9012","1":"product","2":"type-product","3":"status-publish","4":"has-post-thumbnail","6":"product_cat-matara-termos-suluk","8":"first","9":"instock","10":"taxable","11":"shipping-taxable","12":"purchasable","13":"product-type-simple"},"_links":{"self":[{"href":"https:\/\/petityu.com\/en\/wp-json\/wp\/v2\/product\/9012","targetHints":{"allow":["GET"]}}],"collection":[{"href":"https:\/\/petityu.com\/en\/wp-json\/wp\/v2\/product"}],"about":[{"href":"https:\/\/petityu.com\/en\/wp-json\/wp\/v2\/types\/product"}],"wp:featuredmedia":[{"embeddable":true,"href":"https:\/\/petityu.com\/en\/wp-json\/wp\/v2\/media\/9010"}],"wp:attachment":[{"href":"https:\/\/petityu.com\/en\/wp-json\/wp\/v2\/media?parent=9012"}],"wp:term":[{"taxonomy":"product_brand","embeddable":true,"href":"https:\/\/petityu.com\/en\/wp-json\/wp\/v2\/product_brand?post=9012"},{"taxonomy":"product_cat","embeddable":true,"href":"https:\/\/petityu.com\/en\/wp-json\/wp\/v2\/product_cat?post=9012"},{"taxonomy":"product_tag","embeddable":true,"href":"https:\/\/petityu.com\/en\/wp-json\/wp\/v2\/product_tag?post=9012"}],"curies":[{"name":"wp","href":"https:\/\/api.w.org\/{rel}","templated":true}]}}