{"id":9016,"date":"2026-02-03T15:11:20","date_gmt":"2026-02-03T12:11:20","guid":{"rendered":"https:\/\/petityu.com\/pokemon-500-ml-suluk\/"},"modified":"2026-02-03T15:11:20","modified_gmt":"2026-02-03T12:11:20","slug":"pokemon-500-ml-suluk","status":"publish","type":"product","link":"https:\/\/petityu.com\/en\/pokemon-500-ml-suluk\/","title":{"rendered":"Pokemon 500 ml Suluk"},"content":{"rendered":"<p><p>A\u011f\u0131za dayayarak d\u00f6k\u00fclmesin diye dar a\u011f\u0131z i\u00e7melik<\/p><br \/>\n<p>2 pipet geni\u015fli\u011finde a\u011f\u0131z<\/p><br \/>\n<p>Bpa free<\/p><br \/>\n<p>500 ml kapasiteli pokemon suluk<\/p><\/p>","protected":false},"excerpt":{"rendered":"<p>A\u011f\u0131za dayayarak d\u00f6k\u00fclmesin diye dar a\u011f\u0131z i\u00e7melik 2 pipet geni\u015fli\u011finde a\u011f\u0131z Bpa free 500 ml kapasiteli pokemon suluk<\/p>","protected":false},"featured_media":9013,"template":"","meta":[],"product_brand":[],"product_cat":[937],"product_tag":[],"class_list":{"0":"post-9016","1":"product","2":"type-product","3":"status-publish","4":"has-post-thumbnail","6":"product_cat-matara-suluk-termos","8":"first","9":"instock","10":"taxable","11":"shipping-taxable","12":"purchasable","13":"product-type-simple"},"_links":{"self":[{"href":"https:\/\/petityu.com\/en\/wp-json\/wp\/v2\/product\/9016","targetHints":{"allow":["GET"]}}],"collection":[{"href":"https:\/\/petityu.com\/en\/wp-json\/wp\/v2\/product"}],"about":[{"href":"https:\/\/petityu.com\/en\/wp-json\/wp\/v2\/types\/product"}],"wp:featuredmedia":[{"embeddable":true,"href":"https:\/\/petityu.com\/en\/wp-json\/wp\/v2\/media\/9013"}],"wp:attachment":[{"href":"https:\/\/petityu.com\/en\/wp-json\/wp\/v2\/media?parent=9016"}],"wp:term":[{"taxonomy":"product_brand","embeddable":true,"href":"https:\/\/petityu.com\/en\/wp-json\/wp\/v2\/product_brand?post=9016"},{"taxonomy":"product_cat","embeddable":true,"href":"https:\/\/petityu.com\/en\/wp-json\/wp\/v2\/product_cat?post=9016"},{"taxonomy":"product_tag","embeddable":true,"href":"https:\/\/petityu.com\/en\/wp-json\/wp\/v2\/product_tag?post=9016"}],"curies":[{"name":"wp","href":"https:\/\/api.w.org\/{rel}","templated":true}]}}