{"id":9033,"date":"2026-02-25T14:44:19","date_gmt":"2026-02-25T11:44:19","guid":{"rendered":"https:\/\/petityu.com\/petityu-cilek-karpuz-desenli-ici-pufudik-sicak-tutan-yumusacik-pembe-eldiven\/"},"modified":"2026-03-14T03:51:13","modified_gmt":"2026-03-14T00:51:13","slug":"petityu-cilek-karpuz-desenli-ici-pufudik-sicak-tutan-yumusacik-pembe-eldiven","status":"publish","type":"product","link":"https:\/\/petityu.com\/en\/petityu-cilek-karpuz-desenli-ici-pufudik-sicak-tutan-yumusacik-pembe-eldiven\/","title":{"rendered":"Petityu \u00c7ilek Karpuz Desenli \u0130\u00e7i Pufudik S\u0131cak Tutan Yumu\u015fac\u0131k Pembe Eldiven"},"content":{"rendered":"<p><p>\u00c7ilek karpuz desenli i\u00e7i pufudik s\u0131cak tutan yumu\u015fac\u0131k pembe eldiven<\/p><br \/>\n<p>Su ge\u00e7irmez pembe k\u0131z \u00e7ocuk eldiven<\/p><\/p>","protected":false},"excerpt":{"rendered":"<p>\u00c7ilek karpuz desenli i\u00e7i pufudik s\u0131cak tutan yumu\u015fac\u0131k pembe eldiven Su ge\u00e7irmez pembe k\u0131z \u00e7ocuk eldiven<\/p>","protected":false},"featured_media":9032,"template":"","meta":[],"product_brand":[],"product_cat":[981],"product_tag":[],"class_list":{"0":"post-9033","1":"product","2":"type-product","3":"status-publish","4":"has-post-thumbnail","6":"product_cat-bere-atki-eldiven","8":"first","9":"instock","10":"taxable","11":"shipping-taxable","12":"purchasable","13":"product-type-variable"},"_links":{"self":[{"href":"https:\/\/petityu.com\/en\/wp-json\/wp\/v2\/product\/9033","targetHints":{"allow":["GET"]}}],"collection":[{"href":"https:\/\/petityu.com\/en\/wp-json\/wp\/v2\/product"}],"about":[{"href":"https:\/\/petityu.com\/en\/wp-json\/wp\/v2\/types\/product"}],"wp:featuredmedia":[{"embeddable":true,"href":"https:\/\/petityu.com\/en\/wp-json\/wp\/v2\/media\/9032"}],"wp:attachment":[{"href":"https:\/\/petityu.com\/en\/wp-json\/wp\/v2\/media?parent=9033"}],"wp:term":[{"taxonomy":"product_brand","embeddable":true,"href":"https:\/\/petityu.com\/en\/wp-json\/wp\/v2\/product_brand?post=9033"},{"taxonomy":"product_cat","embeddable":true,"href":"https:\/\/petityu.com\/en\/wp-json\/wp\/v2\/product_cat?post=9033"},{"taxonomy":"product_tag","embeddable":true,"href":"https:\/\/petityu.com\/en\/wp-json\/wp\/v2\/product_tag?post=9033"}],"curies":[{"name":"wp","href":"https:\/\/api.w.org\/{rel}","templated":true}]}}