{"id":9037,"date":"2026-02-25T14:59:45","date_gmt":"2026-02-25T11:59:45","guid":{"rendered":"https:\/\/petityu.com\/petityu-balina-desenli-mavi-ici-pufudik-sicak-tutan-yumusacik-eldiven\/"},"modified":"2026-02-25T15:01:54","modified_gmt":"2026-02-25T12:01:54","slug":"petityu-balina-desenli-mavi-ici-pufudik-sicak-tutan-yumusacik-eldiven","status":"publish","type":"product","link":"https:\/\/petityu.com\/en\/petityu-balina-desenli-mavi-ici-pufudik-sicak-tutan-yumusacik-eldiven\/","title":{"rendered":"Petityu Balina Desenli Mavi \u0130\u00e7i Pufudik S\u0131cak Tutan Yumu\u015fac\u0131k Eldiven"},"content":{"rendered":"<p><p>Balina desenli mavi i\u00e7i pufudik s\u0131cak tutan yumu\u015fac\u0131k eldiven<\/p><br \/>\n<p>Su ge\u00e7irmez<\/p><\/p>","protected":false},"excerpt":{"rendered":"<p>Balina desenli mavi i\u00e7i pufudik s\u0131cak tutan yumu\u015fac\u0131k eldiven Su ge\u00e7irmez<\/p>","protected":false},"featured_media":9036,"template":"","meta":[],"product_brand":[],"product_cat":[997],"product_tag":[],"class_list":{"0":"post-9037","1":"product","2":"type-product","3":"status-publish","4":"has-post-thumbnail","6":"product_cat-atki-bere-eldiven","8":"first","9":"instock","10":"taxable","11":"shipping-taxable","12":"purchasable","13":"product-type-variable"},"_links":{"self":[{"href":"https:\/\/petityu.com\/en\/wp-json\/wp\/v2\/product\/9037","targetHints":{"allow":["GET"]}}],"collection":[{"href":"https:\/\/petityu.com\/en\/wp-json\/wp\/v2\/product"}],"about":[{"href":"https:\/\/petityu.com\/en\/wp-json\/wp\/v2\/types\/product"}],"wp:featuredmedia":[{"embeddable":true,"href":"https:\/\/petityu.com\/en\/wp-json\/wp\/v2\/media\/9036"}],"wp:attachment":[{"href":"https:\/\/petityu.com\/en\/wp-json\/wp\/v2\/media?parent=9037"}],"wp:term":[{"taxonomy":"product_brand","embeddable":true,"href":"https:\/\/petityu.com\/en\/wp-json\/wp\/v2\/product_brand?post=9037"},{"taxonomy":"product_cat","embeddable":true,"href":"https:\/\/petityu.com\/en\/wp-json\/wp\/v2\/product_cat?post=9037"},{"taxonomy":"product_tag","embeddable":true,"href":"https:\/\/petityu.com\/en\/wp-json\/wp\/v2\/product_tag?post=9037"}],"curies":[{"name":"wp","href":"https:\/\/api.w.org\/{rel}","templated":true}]}}