{"id":9043,"date":"2026-02-25T15:21:11","date_gmt":"2026-02-25T12:21:11","guid":{"rendered":"https:\/\/petityu.com\/petityu-lila-unicorn-ici-pufudik-sicak-tutan-yumusacik-eldiven\/"},"modified":"2026-02-25T15:26:28","modified_gmt":"2026-02-25T12:26:28","slug":"petityu-lila-unicorn-ici-pufudik-sicak-tutan-yumusacik-eldiven","status":"publish","type":"product","link":"https:\/\/petityu.com\/en\/petityu-lila-unicorn-ici-pufudik-sicak-tutan-yumusacik-eldiven\/","title":{"rendered":"Petityu Lila Unicorn \u0130\u00e7i Pufudik S\u0131cak Tutan Yumu\u015fac\u0131k Eldiven"},"content":{"rendered":"<p><p>Lila unicorn i\u00e7i pufudik s\u0131cak tutan yumu\u015fac\u0131k eldiven<\/p><br \/>\n<p>Su ge\u00e7irmez<\/p><\/p>","protected":false},"excerpt":{"rendered":"<p>Lila unicorn i\u00e7i pufudik s\u0131cak tutan yumu\u015fac\u0131k eldiven Su ge\u00e7irmez<\/p>","protected":false},"featured_media":9042,"template":"","meta":[],"product_brand":[],"product_cat":[981],"product_tag":[],"class_list":{"0":"post-9043","1":"product","2":"type-product","3":"status-publish","4":"has-post-thumbnail","6":"product_cat-bere-atki-eldiven","8":"first","9":"instock","10":"taxable","11":"shipping-taxable","12":"purchasable","13":"product-type-variable"},"_links":{"self":[{"href":"https:\/\/petityu.com\/en\/wp-json\/wp\/v2\/product\/9043","targetHints":{"allow":["GET"]}}],"collection":[{"href":"https:\/\/petityu.com\/en\/wp-json\/wp\/v2\/product"}],"about":[{"href":"https:\/\/petityu.com\/en\/wp-json\/wp\/v2\/types\/product"}],"wp:featuredmedia":[{"embeddable":true,"href":"https:\/\/petityu.com\/en\/wp-json\/wp\/v2\/media\/9042"}],"wp:attachment":[{"href":"https:\/\/petityu.com\/en\/wp-json\/wp\/v2\/media?parent=9043"}],"wp:term":[{"taxonomy":"product_brand","embeddable":true,"href":"https:\/\/petityu.com\/en\/wp-json\/wp\/v2\/product_brand?post=9043"},{"taxonomy":"product_cat","embeddable":true,"href":"https:\/\/petityu.com\/en\/wp-json\/wp\/v2\/product_cat?post=9043"},{"taxonomy":"product_tag","embeddable":true,"href":"https:\/\/petityu.com\/en\/wp-json\/wp\/v2\/product_tag?post=9043"}],"curies":[{"name":"wp","href":"https:\/\/api.w.org\/{rel}","templated":true}]}}