{"id":9048,"date":"2026-02-25T15:42:07","date_gmt":"2026-02-25T12:42:07","guid":{"rendered":"https:\/\/petityu.com\/petityu-lacivert-ustu-mavi-beyaz-camgobegi-kopekbaligi-ici-pufudik-sicak-tutan-yumusacik-eldiven\/"},"modified":"2026-02-25T15:45:15","modified_gmt":"2026-02-25T12:45:15","slug":"petityu-lacivert-ustu-mavi-beyaz-camgobegi-kopekbaligi-ici-pufudik-sicak-tutan-yumusacik-eldiven","status":"publish","type":"product","link":"https:\/\/petityu.com\/en\/petityu-lacivert-ustu-mavi-beyaz-camgobegi-kopekbaligi-ici-pufudik-sicak-tutan-yumusacik-eldiven\/","title":{"rendered":"Petityu Lacivert \u00dcst\u00fc Mavi Beyaz Camg\u00f6be\u011fi K\u00f6pekbal\u0131\u011f\u0131 \u0130\u00e7i Pufudik S\u0131cak Tutan Yumu\u015fac\u0131k Eldiven"},"content":{"rendered":"<p><p>Lacivert \u00fcst\u00fc mavi beyaz cam g\u00f6be\u011fi k\u00f6pekbal\u0131\u011f\u0131 desenli eldiven<\/p><br \/>\n<p>\u0130\u00e7i pufudik s\u0131cak tutan yumu\u015fac\u0131k erkek \u00e7ocuk eldiven<\/p><\/p>","protected":false},"excerpt":{"rendered":"<p>Lacivert \u00fcst\u00fc mavi beyaz cam g\u00f6be\u011fi k\u00f6pekbal\u0131\u011f\u0131 desenli eldiven \u0130\u00e7i pufudik s\u0131cak tutan yumu\u015fac\u0131k erkek \u00e7ocuk eldiven<\/p>","protected":false},"featured_media":9047,"template":"","meta":[],"product_brand":[],"product_cat":[997],"product_tag":[],"class_list":{"0":"post-9048","1":"product","2":"type-product","3":"status-publish","4":"has-post-thumbnail","6":"product_cat-atki-bere-eldiven","8":"first","9":"instock","10":"taxable","11":"shipping-taxable","12":"purchasable","13":"product-type-variable"},"_links":{"self":[{"href":"https:\/\/petityu.com\/en\/wp-json\/wp\/v2\/product\/9048","targetHints":{"allow":["GET"]}}],"collection":[{"href":"https:\/\/petityu.com\/en\/wp-json\/wp\/v2\/product"}],"about":[{"href":"https:\/\/petityu.com\/en\/wp-json\/wp\/v2\/types\/product"}],"wp:featuredmedia":[{"embeddable":true,"href":"https:\/\/petityu.com\/en\/wp-json\/wp\/v2\/media\/9047"}],"wp:attachment":[{"href":"https:\/\/petityu.com\/en\/wp-json\/wp\/v2\/media?parent=9048"}],"wp:term":[{"taxonomy":"product_brand","embeddable":true,"href":"https:\/\/petityu.com\/en\/wp-json\/wp\/v2\/product_brand?post=9048"},{"taxonomy":"product_cat","embeddable":true,"href":"https:\/\/petityu.com\/en\/wp-json\/wp\/v2\/product_cat?post=9048"},{"taxonomy":"product_tag","embeddable":true,"href":"https:\/\/petityu.com\/en\/wp-json\/wp\/v2\/product_tag?post=9048"}],"curies":[{"name":"wp","href":"https:\/\/api.w.org\/{rel}","templated":true}]}}