{"id":9054,"date":"2026-02-25T16:04:29","date_gmt":"2026-02-25T13:04:29","guid":{"rendered":"https:\/\/petityu.com\/petityu-anaokulu-canta-hafif-hirmizi-itfaiye-canta\/"},"modified":"2026-03-02T15:18:45","modified_gmt":"2026-03-02T12:18:45","slug":"petityu-anaokulu-canta-hafif-hirmizi-itfaiye-canta","status":"publish","type":"product","link":"https:\/\/petityu.com\/en\/petityu-anaokulu-canta-hafif-hirmizi-itfaiye-canta\/","title":{"rendered":"Petityu Anaokulu \u00c7anta Hafif H\u0131rm\u0131z\u0131 \u0130tfaiye \u00c7anta"},"content":{"rendered":"<p><p>\u0130tfaiye k\u0131rm\u0131z\u0131 hafif anaokulu \u00e7antas\u0131<\/p><br \/>\n<p>Yumu\u015fak kuma\u015f anaokulu s\u0131rt \u00e7antas\u0131<\/p><\/p>","protected":false},"excerpt":{"rendered":"<p>\u0130tfaiye k\u0131rm\u0131z\u0131 hafif anaokulu \u00e7antas\u0131 Yumu\u015fak kuma\u015f anaokulu s\u0131rt \u00e7antas\u0131<\/p>","protected":false},"featured_media":9051,"template":"","meta":[],"product_brand":[],"product_cat":[998],"product_tag":[],"class_list":{"0":"post-9054","1":"product","2":"type-product","3":"status-publish","4":"has-post-thumbnail","6":"product_cat-canta","8":"first","9":"instock","10":"taxable","11":"shipping-taxable","12":"purchasable","13":"product-type-simple"},"_links":{"self":[{"href":"https:\/\/petityu.com\/en\/wp-json\/wp\/v2\/product\/9054","targetHints":{"allow":["GET"]}}],"collection":[{"href":"https:\/\/petityu.com\/en\/wp-json\/wp\/v2\/product"}],"about":[{"href":"https:\/\/petityu.com\/en\/wp-json\/wp\/v2\/types\/product"}],"wp:featuredmedia":[{"embeddable":true,"href":"https:\/\/petityu.com\/en\/wp-json\/wp\/v2\/media\/9051"}],"wp:attachment":[{"href":"https:\/\/petityu.com\/en\/wp-json\/wp\/v2\/media?parent=9054"}],"wp:term":[{"taxonomy":"product_brand","embeddable":true,"href":"https:\/\/petityu.com\/en\/wp-json\/wp\/v2\/product_brand?post=9054"},{"taxonomy":"product_cat","embeddable":true,"href":"https:\/\/petityu.com\/en\/wp-json\/wp\/v2\/product_cat?post=9054"},{"taxonomy":"product_tag","embeddable":true,"href":"https:\/\/petityu.com\/en\/wp-json\/wp\/v2\/product_tag?post=9054"}],"curies":[{"name":"wp","href":"https:\/\/api.w.org\/{rel}","templated":true}]}}