{"id":9060,"date":"2026-03-10T15:50:52","date_gmt":"2026-03-10T12:50:52","guid":{"rendered":"https:\/\/petityu.com\/petityu-mavi-deniz-canlilari-upf50-erkek-cocuk-mayo-bone-sapka-set\/"},"modified":"2026-03-10T15:52:16","modified_gmt":"2026-03-10T12:52:16","slug":"petityu-mavi-deniz-canlilari-upf50-erkek-cocuk-mayo-bone-sapka-set","status":"publish","type":"product","link":"https:\/\/petityu.com\/en\/petityu-mavi-deniz-canlilari-upf50-erkek-cocuk-mayo-bone-sapka-set\/","title":{"rendered":"Petityu Mavi Deniz Canlilari Upf50 Erkek \u00c7ocuk Mayo Bone \u015eapka Set"},"content":{"rendered":"<p><p>Mavi uzun ince fermuar kolay giydirilir mayo Upf50+ erkek \u00e7ocuk mayo&nbsp;<\/p><br \/>\n<p>H\u0131zl\u0131 kurur<\/p><\/p>","protected":false},"excerpt":{"rendered":"<p>Mavi uzun ince fermuar kolay giydirilir mayo Upf50+ erkek \u00e7ocuk mayo&nbsp; H\u0131zl\u0131 kurur<\/p>","protected":false},"featured_media":9059,"template":"","meta":[],"product_brand":[],"product_cat":[987],"product_tag":[],"class_list":{"0":"post-9060","1":"product","2":"type-product","3":"status-publish","4":"has-post-thumbnail","6":"product_cat-mayo-erkekcocuk","8":"first","9":"instock","10":"taxable","11":"shipping-taxable","12":"purchasable","13":"product-type-variable"},"_links":{"self":[{"href":"https:\/\/petityu.com\/en\/wp-json\/wp\/v2\/product\/9060","targetHints":{"allow":["GET"]}}],"collection":[{"href":"https:\/\/petityu.com\/en\/wp-json\/wp\/v2\/product"}],"about":[{"href":"https:\/\/petityu.com\/en\/wp-json\/wp\/v2\/types\/product"}],"wp:featuredmedia":[{"embeddable":true,"href":"https:\/\/petityu.com\/en\/wp-json\/wp\/v2\/media\/9059"}],"wp:attachment":[{"href":"https:\/\/petityu.com\/en\/wp-json\/wp\/v2\/media?parent=9060"}],"wp:term":[{"taxonomy":"product_brand","embeddable":true,"href":"https:\/\/petityu.com\/en\/wp-json\/wp\/v2\/product_brand?post=9060"},{"taxonomy":"product_cat","embeddable":true,"href":"https:\/\/petityu.com\/en\/wp-json\/wp\/v2\/product_cat?post=9060"},{"taxonomy":"product_tag","embeddable":true,"href":"https:\/\/petityu.com\/en\/wp-json\/wp\/v2\/product_tag?post=9060"}],"curies":[{"name":"wp","href":"https:\/\/api.w.org\/{rel}","templated":true}]}}