{"id":9065,"date":"2026-03-11T13:01:00","date_gmt":"2026-03-11T10:01:00","guid":{"rendered":"https:\/\/petityu.com\/petityu-kuromi-kislik-ici-polar-tutu-etekli-tayt\/"},"modified":"2026-03-11T14:48:59","modified_gmt":"2026-03-11T11:48:59","slug":"petityu-kuromi-kislik-ici-polar-tutu-etekli-tayt","status":"publish","type":"product","link":"https:\/\/petityu.com\/en\/petityu-kuromi-kislik-ici-polar-tutu-etekli-tayt\/","title":{"rendered":"Petityu Kuromi K\u0131\u015fl\u0131k \u0130\u00e7i Polar Tutu Etekli Tayt"},"content":{"rendered":"<p><p>Kuromi k\u0131\u015fl\u0131k i\u00e7i polar etekli tayt<\/p><br \/>\n<p>Tutu etekli tayt<\/p><\/p>","protected":false},"excerpt":{"rendered":"<p>Kuromi k\u0131\u015fl\u0131k i\u00e7i polar etekli tayt Tutu etekli tayt<\/p>","protected":false},"featured_media":9064,"template":"","meta":[],"product_brand":[],"product_cat":[971],"product_tag":[],"class_list":{"0":"post-9065","1":"product","2":"type-product","3":"status-publish","4":"has-post-thumbnail","6":"product_cat-etek","8":"first","9":"instock","10":"taxable","11":"shipping-taxable","12":"purchasable","13":"product-type-variable"},"_links":{"self":[{"href":"https:\/\/petityu.com\/en\/wp-json\/wp\/v2\/product\/9065","targetHints":{"allow":["GET"]}}],"collection":[{"href":"https:\/\/petityu.com\/en\/wp-json\/wp\/v2\/product"}],"about":[{"href":"https:\/\/petityu.com\/en\/wp-json\/wp\/v2\/types\/product"}],"wp:featuredmedia":[{"embeddable":true,"href":"https:\/\/petityu.com\/en\/wp-json\/wp\/v2\/media\/9064"}],"wp:attachment":[{"href":"https:\/\/petityu.com\/en\/wp-json\/wp\/v2\/media?parent=9065"}],"wp:term":[{"taxonomy":"product_brand","embeddable":true,"href":"https:\/\/petityu.com\/en\/wp-json\/wp\/v2\/product_brand?post=9065"},{"taxonomy":"product_cat","embeddable":true,"href":"https:\/\/petityu.com\/en\/wp-json\/wp\/v2\/product_cat?post=9065"},{"taxonomy":"product_tag","embeddable":true,"href":"https:\/\/petityu.com\/en\/wp-json\/wp\/v2\/product_tag?post=9065"}],"curies":[{"name":"wp","href":"https:\/\/api.w.org\/{rel}","templated":true}]}}