{"id":9072,"date":"2026-03-11T13:39:17","date_gmt":"2026-03-11T10:39:17","guid":{"rendered":"https:\/\/petityu.com\/petityu-my-melody-esofman-takim-ilkbaharlik-sonbaharlik-sirin-pembe-ponponlu-esofman-takimi\/"},"modified":"2026-03-11T14:47:00","modified_gmt":"2026-03-11T11:47:00","slug":"petityu-my-melody-esofman-takim-ilkbaharlik-sonbaharlik-sirin-pembe-ponponlu-esofman-takimi","status":"publish","type":"product","link":"https:\/\/petityu.com\/en\/petityu-my-melody-esofman-takim-ilkbaharlik-sonbaharlik-sirin-pembe-ponponlu-esofman-takimi\/","title":{"rendered":"Petityu My Melody E\u015fofman Tak\u0131m \u0130lkbaharl\u0131k\/Sonbaharl\u0131k \u015eirin Pembe Ponponlu E\u015fofman Tak\u0131m\u0131"},"content":{"rendered":"<p><p>\u0130lkbahar \/ Sonabhar l\u0131k pembe e\u015fofman tak\u0131m\u0131<\/p><br \/>\n<p>\u015eirin pembe ponponlu my melody e\u015fofman tak\u0131m\u0131<\/p><\/p>","protected":false},"excerpt":{"rendered":"<p>\u0130lkbahar \/ Sonabhar l\u0131k pembe e\u015fofman tak\u0131m\u0131 \u015eirin pembe ponponlu my melody e\u015fofman tak\u0131m\u0131<\/p>","protected":false},"featured_media":9071,"template":"","meta":[],"product_brand":[],"product_cat":[976],"product_tag":[],"class_list":{"0":"post-9072","1":"product","2":"type-product","3":"status-publish","4":"has-post-thumbnail","6":"product_cat-sweatshirt","8":"first","9":"instock","10":"taxable","11":"shipping-taxable","12":"purchasable","13":"product-type-variable"},"_links":{"self":[{"href":"https:\/\/petityu.com\/en\/wp-json\/wp\/v2\/product\/9072","targetHints":{"allow":["GET"]}}],"collection":[{"href":"https:\/\/petityu.com\/en\/wp-json\/wp\/v2\/product"}],"about":[{"href":"https:\/\/petityu.com\/en\/wp-json\/wp\/v2\/types\/product"}],"wp:featuredmedia":[{"embeddable":true,"href":"https:\/\/petityu.com\/en\/wp-json\/wp\/v2\/media\/9071"}],"wp:attachment":[{"href":"https:\/\/petityu.com\/en\/wp-json\/wp\/v2\/media?parent=9072"}],"wp:term":[{"taxonomy":"product_brand","embeddable":true,"href":"https:\/\/petityu.com\/en\/wp-json\/wp\/v2\/product_brand?post=9072"},{"taxonomy":"product_cat","embeddable":true,"href":"https:\/\/petityu.com\/en\/wp-json\/wp\/v2\/product_cat?post=9072"},{"taxonomy":"product_tag","embeddable":true,"href":"https:\/\/petityu.com\/en\/wp-json\/wp\/v2\/product_tag?post=9072"}],"curies":[{"name":"wp","href":"https:\/\/api.w.org\/{rel}","templated":true}]}}