{"id":9080,"date":"2026-03-16T16:19:48","date_gmt":"2026-03-16T13:19:48","guid":{"rendered":"https:\/\/petityu.com\/kaydirmaz-kislik-ev-patigi-corap-patik-20-21-yesil\/"},"modified":"2026-03-16T16:21:15","modified_gmt":"2026-03-16T13:21:15","slug":"kaydirmaz-kislik-ev-patigi-corap-patik-20-21-yesil","status":"publish","type":"product","link":"https:\/\/petityu.com\/en\/kaydirmaz-kislik-ev-patigi-corap-patik-20-21-yesil\/","title":{"rendered":"Kayd\u0131rmaz K\u0131\u015fl\u0131k Ev Pati\u011fi &#8211; \u00c7orap Patik 20-21 Ye\u015fil"},"content":{"rendered":"<p><p>Yumu\u015fac\u0131k \u00c7orap Kayd\u0131rmaz Terlik<\/p><br \/>\n<p>Green<\/p><br \/>\n<p>20-21 numara<\/p><br \/>\n<p>&nbsp;<\/p><\/p>","protected":false},"excerpt":{"rendered":"<p>Yumu\u015fac\u0131k \u00c7orap Kayd\u0131rmaz Terlik Ye\u015fil 20-21 numara &nbsp;<\/p>","protected":false},"featured_media":9079,"template":"","meta":[],"product_brand":[],"product_cat":[994],"product_tag":[],"class_list":{"0":"post-9080","1":"product","2":"type-product","3":"status-publish","4":"has-post-thumbnail","6":"product_cat-patik-terlik-okul-evpanduf","8":"first","9":"instock","10":"taxable","11":"shipping-taxable","12":"purchasable","13":"product-type-simple"},"_links":{"self":[{"href":"https:\/\/petityu.com\/en\/wp-json\/wp\/v2\/product\/9080","targetHints":{"allow":["GET"]}}],"collection":[{"href":"https:\/\/petityu.com\/en\/wp-json\/wp\/v2\/product"}],"about":[{"href":"https:\/\/petityu.com\/en\/wp-json\/wp\/v2\/types\/product"}],"wp:featuredmedia":[{"embeddable":true,"href":"https:\/\/petityu.com\/en\/wp-json\/wp\/v2\/media\/9079"}],"wp:attachment":[{"href":"https:\/\/petityu.com\/en\/wp-json\/wp\/v2\/media?parent=9080"}],"wp:term":[{"taxonomy":"product_brand","embeddable":true,"href":"https:\/\/petityu.com\/en\/wp-json\/wp\/v2\/product_brand?post=9080"},{"taxonomy":"product_cat","embeddable":true,"href":"https:\/\/petityu.com\/en\/wp-json\/wp\/v2\/product_cat?post=9080"},{"taxonomy":"product_tag","embeddable":true,"href":"https:\/\/petityu.com\/en\/wp-json\/wp\/v2\/product_tag?post=9080"}],"curies":[{"name":"wp","href":"https:\/\/api.w.org\/{rel}","templated":true}]}}