{"id":9084,"date":"2026-03-16T16:49:06","date_gmt":"2026-03-16T13:49:06","guid":{"rendered":"https:\/\/petityu.com\/petityu-kaydirmaz-kislik-ev-patigi-mavi-corap-patik-20-21\/"},"modified":"2026-03-16T16:50:56","modified_gmt":"2026-03-16T13:50:56","slug":"petityu-kaydirmaz-kislik-ev-patigi-mavi-corap-patik-20-21","status":"publish","type":"product","link":"https:\/\/petityu.com\/en\/petityu-kaydirmaz-kislik-ev-patigi-mavi-corap-patik-20-21\/","title":{"rendered":"Petityu Kayd\u0131rmaz K\u0131\u015fl\u0131k Ev Pati\u011fi &#8211; Mavi \u00c7orap Patik 20-21"},"content":{"rendered":"<p><p>Kayd\u0131rmaz K\u0131\u015fl\u0131k Ev Pati\u011fi<\/p><br \/>\n<p>20-21 numara \u00e7orap patik<\/p><br \/>\n<p>Blue<\/p><\/p>","protected":false},"excerpt":{"rendered":"<p>Kayd\u0131rmaz K\u0131\u015fl\u0131k Ev Pati\u011fi 20-21 numara \u00e7orap patik Mavi<\/p>","protected":false},"featured_media":9083,"template":"","meta":[],"product_brand":[],"product_cat":[994],"product_tag":[],"class_list":{"0":"post-9084","1":"product","2":"type-product","3":"status-publish","4":"has-post-thumbnail","6":"product_cat-patik-terlik-okul-evpanduf","8":"first","9":"instock","10":"taxable","11":"shipping-taxable","12":"purchasable","13":"product-type-simple"},"_links":{"self":[{"href":"https:\/\/petityu.com\/en\/wp-json\/wp\/v2\/product\/9084","targetHints":{"allow":["GET"]}}],"collection":[{"href":"https:\/\/petityu.com\/en\/wp-json\/wp\/v2\/product"}],"about":[{"href":"https:\/\/petityu.com\/en\/wp-json\/wp\/v2\/types\/product"}],"wp:featuredmedia":[{"embeddable":true,"href":"https:\/\/petityu.com\/en\/wp-json\/wp\/v2\/media\/9083"}],"wp:attachment":[{"href":"https:\/\/petityu.com\/en\/wp-json\/wp\/v2\/media?parent=9084"}],"wp:term":[{"taxonomy":"product_brand","embeddable":true,"href":"https:\/\/petityu.com\/en\/wp-json\/wp\/v2\/product_brand?post=9084"},{"taxonomy":"product_cat","embeddable":true,"href":"https:\/\/petityu.com\/en\/wp-json\/wp\/v2\/product_cat?post=9084"},{"taxonomy":"product_tag","embeddable":true,"href":"https:\/\/petityu.com\/en\/wp-json\/wp\/v2\/product_tag?post=9084"}],"curies":[{"name":"wp","href":"https:\/\/api.w.org\/{rel}","templated":true}]}}