{"id":9087,"date":"2026-03-16T17:00:47","date_gmt":"2026-03-16T14:00:47","guid":{"rendered":"https:\/\/petityu.com\/petityu-kaydirmaz-kislik-ev-patigi-mavi-corap-patik-26-27\/"},"modified":"2026-04-06T23:41:05","modified_gmt":"2026-04-06T20:41:05","slug":"petityu-kaydirmaz-kislik-ev-patigi-mavi-corap-patik-26-27","status":"publish","type":"product","link":"https:\/\/petityu.com\/en\/petityu-kaydirmaz-kislik-ev-patigi-mavi-corap-patik-26-27\/","title":{"rendered":"Petityu Kayd\u0131rmaz K\u0131\u015fl\u0131k Ev Pati\u011fi &#8211; Mavi \u00c7orap Patik 26-27"},"content":{"rendered":"<p><p>Kayd\u0131rmaz \u00e7orap patik<\/p><br \/>\n<p>K\u0131\u015fl\u0131k patik<\/p><br \/>\n<p>S\u0131cac\u0131k tutar<\/p><br \/>\n<p>26-27 numara<\/p><br \/>\n<p>Blue<\/p><\/p>","protected":false},"excerpt":{"rendered":"<p>Kayd\u0131rmaz \u00e7orap patik K\u0131\u015fl\u0131k patik S\u0131cac\u0131k tutar 26-27 numara Mavi<\/p>","protected":false},"featured_media":9085,"template":"","meta":[],"product_brand":[],"product_cat":[994],"product_tag":[],"class_list":{"0":"post-9087","1":"product","2":"type-product","3":"status-publish","4":"has-post-thumbnail","6":"product_cat-patik-terlik-okul-evpanduf","8":"first","9":"instock","10":"featured","11":"taxable","12":"shipping-taxable","13":"purchasable","14":"product-type-simple"},"_links":{"self":[{"href":"https:\/\/petityu.com\/en\/wp-json\/wp\/v2\/product\/9087","targetHints":{"allow":["GET"]}}],"collection":[{"href":"https:\/\/petityu.com\/en\/wp-json\/wp\/v2\/product"}],"about":[{"href":"https:\/\/petityu.com\/en\/wp-json\/wp\/v2\/types\/product"}],"wp:featuredmedia":[{"embeddable":true,"href":"https:\/\/petityu.com\/en\/wp-json\/wp\/v2\/media\/9085"}],"wp:attachment":[{"href":"https:\/\/petityu.com\/en\/wp-json\/wp\/v2\/media?parent=9087"}],"wp:term":[{"taxonomy":"product_brand","embeddable":true,"href":"https:\/\/petityu.com\/en\/wp-json\/wp\/v2\/product_brand?post=9087"},{"taxonomy":"product_cat","embeddable":true,"href":"https:\/\/petityu.com\/en\/wp-json\/wp\/v2\/product_cat?post=9087"},{"taxonomy":"product_tag","embeddable":true,"href":"https:\/\/petityu.com\/en\/wp-json\/wp\/v2\/product_tag?post=9087"}],"curies":[{"name":"wp","href":"https:\/\/api.w.org\/{rel}","templated":true}]}}