{"id":9089,"date":"2026-03-17T14:30:56","date_gmt":"2026-03-17T11:30:56","guid":{"rendered":"https:\/\/petityu.com\/petityu-kaydirmaz-kislik-ev-patigi-pembe-corap-patik-20-21\/"},"modified":"2026-03-17T14:34:27","modified_gmt":"2026-03-17T11:34:27","slug":"petityu-kaydirmaz-kislik-ev-patigi-pembe-corap-patik-20-21","status":"publish","type":"product","link":"https:\/\/petityu.com\/en\/petityu-kaydirmaz-kislik-ev-patigi-pembe-corap-patik-20-21\/","title":{"rendered":"Petityu Kayd\u0131rmaz K\u0131\u015fl\u0131k Ev Patigi &#8211; Pembe \u00c7orap Patik 20-21"},"content":{"rendered":"<p><p>Kayd\u0131rmaz \u00e7orap patik<\/p><br \/>\n<p>Pink<\/p><br \/>\n<p>S\u0131cac\u0131k tutar<\/p><br \/>\n<p>20-21 numara<\/p><\/p>","protected":false},"excerpt":{"rendered":"<p>Kayd\u0131rmaz \u00e7orap patik Pembe S\u0131cac\u0131k tutar 20-21 numara<\/p>","protected":false},"featured_media":9088,"template":"","meta":[],"product_brand":[],"product_cat":[977],"product_tag":[],"class_list":{"0":"post-9089","1":"product","2":"type-product","3":"status-publish","4":"has-post-thumbnail","6":"product_cat-patik-terlik-ev-ayakkabisi","8":"first","9":"instock","10":"taxable","11":"shipping-taxable","12":"purchasable","13":"product-type-simple"},"_links":{"self":[{"href":"https:\/\/petityu.com\/en\/wp-json\/wp\/v2\/product\/9089","targetHints":{"allow":["GET"]}}],"collection":[{"href":"https:\/\/petityu.com\/en\/wp-json\/wp\/v2\/product"}],"about":[{"href":"https:\/\/petityu.com\/en\/wp-json\/wp\/v2\/types\/product"}],"wp:featuredmedia":[{"embeddable":true,"href":"https:\/\/petityu.com\/en\/wp-json\/wp\/v2\/media\/9088"}],"wp:attachment":[{"href":"https:\/\/petityu.com\/en\/wp-json\/wp\/v2\/media?parent=9089"}],"wp:term":[{"taxonomy":"product_brand","embeddable":true,"href":"https:\/\/petityu.com\/en\/wp-json\/wp\/v2\/product_brand?post=9089"},{"taxonomy":"product_cat","embeddable":true,"href":"https:\/\/petityu.com\/en\/wp-json\/wp\/v2\/product_cat?post=9089"},{"taxonomy":"product_tag","embeddable":true,"href":"https:\/\/petityu.com\/en\/wp-json\/wp\/v2\/product_tag?post=9089"}],"curies":[{"name":"wp","href":"https:\/\/api.w.org\/{rel}","templated":true}]}}