{"id":9096,"date":"2026-03-27T14:18:55","date_gmt":"2026-03-27T11:18:55","guid":{"rendered":"https:\/\/petityu.com\/petityu-upf50-uv-koruma-cabuk-kuruyan-ayarlanabilir-ince-kumas-boyun-korumali-sapka-3-6-yas\/"},"modified":"2026-03-27T14:31:20","modified_gmt":"2026-03-27T11:31:20","slug":"petityu-upf50-uv-koruma-cabuk-kuruyan-ayarlanabilir-ince-kumas-boyun-korumali-sapka-3-6-yas","status":"publish","type":"product","link":"https:\/\/petityu.com\/en\/petityu-upf50-uv-koruma-cabuk-kuruyan-ayarlanabilir-ince-kumas-boyun-korumali-sapka-3-6-yas\/","title":{"rendered":"Petityu Upf50+ Uv Koruma Pembe \u00c7abuk Kuruyan Ayarlanabilir \u0130nce Kuma\u015f Boyun Korumal\u0131 \u015eapka 3-6 Ya\u015f"},"content":{"rendered":"<p><p>Boyun korumal\u0131 ince pembe \u015fapka<\/p><br \/>\n<p>Arkas\u0131nda kafa&nbsp;\u00e7ap\u0131n\u0131 ayarlama ipi mevcuttur<\/p><br \/>\n<p>3-6 ya\u015fa uygun<\/p><\/p>","protected":false},"excerpt":{"rendered":"<p>Boyun korumal\u0131 ince pembe \u015fapka Arkas\u0131nda kafa&nbsp;\u00e7ap\u0131n\u0131 ayarlama ipi mevcuttur 3-6 ya\u015fa uygun<\/p>","protected":false},"featured_media":9095,"template":"","meta":[],"product_brand":[],"product_cat":[975],"product_tag":[],"class_list":{"0":"post-9096","1":"product","2":"type-product","3":"status-publish","4":"has-post-thumbnail","6":"product_cat-sapka","8":"first","9":"instock","10":"taxable","11":"shipping-taxable","12":"purchasable","13":"product-type-simple"},"_links":{"self":[{"href":"https:\/\/petityu.com\/en\/wp-json\/wp\/v2\/product\/9096","targetHints":{"allow":["GET"]}}],"collection":[{"href":"https:\/\/petityu.com\/en\/wp-json\/wp\/v2\/product"}],"about":[{"href":"https:\/\/petityu.com\/en\/wp-json\/wp\/v2\/types\/product"}],"wp:featuredmedia":[{"embeddable":true,"href":"https:\/\/petityu.com\/en\/wp-json\/wp\/v2\/media\/9095"}],"wp:attachment":[{"href":"https:\/\/petityu.com\/en\/wp-json\/wp\/v2\/media?parent=9096"}],"wp:term":[{"taxonomy":"product_brand","embeddable":true,"href":"https:\/\/petityu.com\/en\/wp-json\/wp\/v2\/product_brand?post=9096"},{"taxonomy":"product_cat","embeddable":true,"href":"https:\/\/petityu.com\/en\/wp-json\/wp\/v2\/product_cat?post=9096"},{"taxonomy":"product_tag","embeddable":true,"href":"https:\/\/petityu.com\/en\/wp-json\/wp\/v2\/product_tag?post=9096"}],"curies":[{"name":"wp","href":"https:\/\/api.w.org\/{rel}","templated":true}]}}