{"id":9098,"date":"2026-03-27T16:44:58","date_gmt":"2026-03-27T13:44:58","guid":{"rendered":"https:\/\/petityu.com\/petityu-beyaz-ustu-cicekli-yazlik-sapka\/"},"modified":"2026-04-06T23:40:35","modified_gmt":"2026-04-06T20:40:35","slug":"petityu-beyaz-ustu-cicekli-yazlik-sapka","status":"publish","type":"product","link":"https:\/\/petityu.com\/en\/petityu-beyaz-ustu-cicekli-yazlik-sapka\/","title":{"rendered":"Petityu Beyaz \u00dcst\u00fc \u00c7i\u00e7ekli Yazl\u0131k \u015eapka"},"content":{"rendered":"<p><p>Beyaz \u00fcst\u00fc \u00e7i\u00e7ekli yazl\u0131k \u015fapka<\/p><br \/>\n<p>0-2 ya\u015f<\/p><br \/>\n<p>2-4 ya\u015f<\/p><\/p>","protected":false},"excerpt":{"rendered":"<p>Beyaz \u00fcst\u00fc \u00e7i\u00e7ekli yazl\u0131k \u015fapka 0-2 ya\u015f 2-4 ya\u015f<\/p>","protected":false},"featured_media":9097,"template":"","meta":[],"product_brand":[],"product_cat":[975],"product_tag":[],"class_list":{"0":"post-9098","1":"product","2":"type-product","3":"status-publish","4":"has-post-thumbnail","6":"product_cat-sapka","8":"first","9":"instock","10":"featured","11":"taxable","12":"shipping-taxable","13":"purchasable","14":"product-type-variable"},"_links":{"self":[{"href":"https:\/\/petityu.com\/en\/wp-json\/wp\/v2\/product\/9098","targetHints":{"allow":["GET"]}}],"collection":[{"href":"https:\/\/petityu.com\/en\/wp-json\/wp\/v2\/product"}],"about":[{"href":"https:\/\/petityu.com\/en\/wp-json\/wp\/v2\/types\/product"}],"wp:featuredmedia":[{"embeddable":true,"href":"https:\/\/petityu.com\/en\/wp-json\/wp\/v2\/media\/9097"}],"wp:attachment":[{"href":"https:\/\/petityu.com\/en\/wp-json\/wp\/v2\/media?parent=9098"}],"wp:term":[{"taxonomy":"product_brand","embeddable":true,"href":"https:\/\/petityu.com\/en\/wp-json\/wp\/v2\/product_brand?post=9098"},{"taxonomy":"product_cat","embeddable":true,"href":"https:\/\/petityu.com\/en\/wp-json\/wp\/v2\/product_cat?post=9098"},{"taxonomy":"product_tag","embeddable":true,"href":"https:\/\/petityu.com\/en\/wp-json\/wp\/v2\/product_tag?post=9098"}],"curies":[{"name":"wp","href":"https:\/\/api.w.org\/{rel}","templated":true}]}}