{"id":9122,"date":"2026-04-17T15:09:33","date_gmt":"2026-04-17T12:09:33","guid":{"rendered":"https:\/\/petityu.com\/petityu-upf50-gunes-korumali-0-18-ay-ince-boyun-korumali-flamingo-desenli-mavi-sapka\/"},"modified":"2026-04-17T15:11:56","modified_gmt":"2026-04-17T12:11:56","slug":"petityu-upf50-gunes-korumali-0-18-ay-ince-boyun-korumali-flamingo-desenli-mavi-sapka","status":"publish","type":"product","link":"https:\/\/petityu.com\/en\/petityu-upf50-gunes-korumali-0-18-ay-ince-boyun-korumali-flamingo-desenli-mavi-sapka\/","title":{"rendered":"Petityu UPF50+ G\u00fcne\u015f Korumal\u0131 0-18 Ay \u0130nce Boyun Korumal\u0131 Flamingo Desenli Mavi \u015eapka"},"content":{"rendered":"<p><p>UPF50+ G\u00fcne\u015f Korumal\u0131 Flamingo Desenli Mavi \u015eapka<\/p><p>Boyun Korumal\u0131 \u0130nce Yazl\u0131k \u015eapka<\/p><p>0-18 Aya Uygun<\/p><p>44-48 cm<\/p><\/p>","protected":false},"excerpt":{"rendered":"<p>UPF50+ G\u00fcne\u015f Korumal\u0131 Flamingo Desenli Mavi \u015eapkaBoyun Korumal\u0131 \u0130nce Yazl\u0131k \u015eapka0-18 Aya Uygun44-48 cm<\/p>","protected":false},"featured_media":9121,"template":"","meta":[],"product_brand":[],"product_cat":[996],"product_tag":[],"class_list":{"0":"post-9122","1":"product","2":"type-product","3":"status-publish","4":"has-post-thumbnail","6":"product_cat-sapka-erkekcocuk","8":"first","9":"instock","10":"taxable","11":"shipping-taxable","12":"purchasable","13":"product-type-simple"},"_links":{"self":[{"href":"https:\/\/petityu.com\/en\/wp-json\/wp\/v2\/product\/9122","targetHints":{"allow":["GET"]}}],"collection":[{"href":"https:\/\/petityu.com\/en\/wp-json\/wp\/v2\/product"}],"about":[{"href":"https:\/\/petityu.com\/en\/wp-json\/wp\/v2\/types\/product"}],"wp:featuredmedia":[{"embeddable":true,"href":"https:\/\/petityu.com\/en\/wp-json\/wp\/v2\/media\/9121"}],"wp:attachment":[{"href":"https:\/\/petityu.com\/en\/wp-json\/wp\/v2\/media?parent=9122"}],"wp:term":[{"taxonomy":"product_brand","embeddable":true,"href":"https:\/\/petityu.com\/en\/wp-json\/wp\/v2\/product_brand?post=9122"},{"taxonomy":"product_cat","embeddable":true,"href":"https:\/\/petityu.com\/en\/wp-json\/wp\/v2\/product_cat?post=9122"},{"taxonomy":"product_tag","embeddable":true,"href":"https:\/\/petityu.com\/en\/wp-json\/wp\/v2\/product_tag?post=9122"}],"curies":[{"name":"wp","href":"https:\/\/api.w.org\/{rel}","templated":true}]}}