{"id":9124,"date":"2026-04-17T15:22:49","date_gmt":"2026-04-17T12:22:49","guid":{"rendered":"https:\/\/petityu.com\/petityu-upf50-gunes-korumali-0-18-ay-boyun-korumali-sari-dinazor-desenli-yazlik-ince-bebek-sapka\/"},"modified":"2026-04-17T15:23:13","modified_gmt":"2026-04-17T12:23:13","slug":"petityu-upf50-gunes-korumali-0-18-ay-boyun-korumali-sari-dinazor-desenli-yazlik-ince-bebek-sapka","status":"publish","type":"product","link":"https:\/\/petityu.com\/en\/petityu-upf50-gunes-korumali-0-18-ay-boyun-korumali-sari-dinazor-desenli-yazlik-ince-bebek-sapka\/","title":{"rendered":"Petityu UPF50+ G\u00fcne\u015f Korumal\u0131 0-18 Ay Boyun Korumal\u0131 Sar\u0131 Dinazor Desenli Yazl\u0131k \u0130nce Bebek \u015eapka"},"content":{"rendered":"<p><p>UPF50+ G\u00fcne\u015f Korumal\u0131 \u0130nce Yazl\u0131k \u015eapka<\/p><p>Boyun Korumal\u0131 Dinazor Desenli Sar\u0131 Bebek \u015eapka<\/p><p>0-18 Aya Uygun<\/p><p>44-48 cm<\/p><\/p>","protected":false},"excerpt":{"rendered":"<p>UPF50+ G\u00fcne\u015f Korumal\u0131 \u0130nce Yazl\u0131k \u015eapkaBoyun Korumal\u0131 Dinazor Desenli Sar\u0131 Bebek \u015eapka0-18 Aya Uygun44-48 cm<\/p>","protected":false},"featured_media":9123,"template":"","meta":[],"product_brand":[],"product_cat":[996],"product_tag":[],"class_list":{"0":"post-9124","1":"product","2":"type-product","3":"status-publish","4":"has-post-thumbnail","6":"product_cat-sapka-erkekcocuk","8":"first","9":"instock","10":"taxable","11":"shipping-taxable","12":"purchasable","13":"product-type-simple"},"_links":{"self":[{"href":"https:\/\/petityu.com\/en\/wp-json\/wp\/v2\/product\/9124","targetHints":{"allow":["GET"]}}],"collection":[{"href":"https:\/\/petityu.com\/en\/wp-json\/wp\/v2\/product"}],"about":[{"href":"https:\/\/petityu.com\/en\/wp-json\/wp\/v2\/types\/product"}],"wp:featuredmedia":[{"embeddable":true,"href":"https:\/\/petityu.com\/en\/wp-json\/wp\/v2\/media\/9123"}],"wp:attachment":[{"href":"https:\/\/petityu.com\/en\/wp-json\/wp\/v2\/media?parent=9124"}],"wp:term":[{"taxonomy":"product_brand","embeddable":true,"href":"https:\/\/petityu.com\/en\/wp-json\/wp\/v2\/product_brand?post=9124"},{"taxonomy":"product_cat","embeddable":true,"href":"https:\/\/petityu.com\/en\/wp-json\/wp\/v2\/product_cat?post=9124"},{"taxonomy":"product_tag","embeddable":true,"href":"https:\/\/petityu.com\/en\/wp-json\/wp\/v2\/product_tag?post=9124"}],"curies":[{"name":"wp","href":"https:\/\/api.w.org\/{rel}","templated":true}]}}