{"id":9126,"date":"2026-04-17T15:51:32","date_gmt":"2026-04-17T12:51:32","guid":{"rendered":"https:\/\/petityu.com\/petityu-upf50-gunes-korumali-hizli-kuruyan-unicorn-ve-dinazor-sever-su-yesili-sirin-sapka-mayo-set\/"},"modified":"2026-04-17T15:55:02","modified_gmt":"2026-04-17T12:55:02","slug":"petityu-upf50-gunes-korumali-hizli-kuruyan-unicorn-ve-dinazor-sever-su-yesili-sirin-sapka-mayo-set","status":"publish","type":"product","link":"https:\/\/petityu.com\/en\/petityu-upf50-gunes-korumali-hizli-kuruyan-unicorn-ve-dinazor-sever-su-yesili-sirin-sapka-mayo-set\/","title":{"rendered":"Petityu UPF50+ g\u00fcne\u015f Korumal\u0131 H\u0131zl\u0131 Kuruyan Unicorn Ve Dinazor Sever Su Ye\u015fili \u015eirin \u015eapka Mayo Set"},"content":{"rendered":"<p><p>UPF50+ G\u00fcne\u015f Korumal\u0131 H\u0131zl\u0131 Kuruyan \u015eapka Mayo Set<\/p><p>Unicorn Ve Dinazor Sever \u015eirin Su Ye\u015fili \u015eapka Mayo Set<\/p><p>&nbsp;<\/p><p>&nbsp;<\/p><\/p>","protected":false},"excerpt":{"rendered":"<p>UPF50+ G\u00fcne\u015f Korumal\u0131 H\u0131zl\u0131 Kuruyan \u015eapka Mayo SetUnicorn Ve Dinazor Sever \u015eirin Su Ye\u015fili \u015eapka Mayo Set&nbsp;&nbsp;<\/p>","protected":false},"featured_media":9125,"template":"","meta":[],"product_brand":[],"product_cat":[974],"product_tag":[],"class_list":{"0":"post-9126","1":"product","2":"type-product","3":"status-publish","4":"has-post-thumbnail","6":"product_cat-mayo","8":"first","9":"instock","10":"taxable","11":"shipping-taxable","12":"purchasable","13":"product-type-variable"},"_links":{"self":[{"href":"https:\/\/petityu.com\/en\/wp-json\/wp\/v2\/product\/9126","targetHints":{"allow":["GET"]}}],"collection":[{"href":"https:\/\/petityu.com\/en\/wp-json\/wp\/v2\/product"}],"about":[{"href":"https:\/\/petityu.com\/en\/wp-json\/wp\/v2\/types\/product"}],"wp:featuredmedia":[{"embeddable":true,"href":"https:\/\/petityu.com\/en\/wp-json\/wp\/v2\/media\/9125"}],"wp:attachment":[{"href":"https:\/\/petityu.com\/en\/wp-json\/wp\/v2\/media?parent=9126"}],"wp:term":[{"taxonomy":"product_brand","embeddable":true,"href":"https:\/\/petityu.com\/en\/wp-json\/wp\/v2\/product_brand?post=9126"},{"taxonomy":"product_cat","embeddable":true,"href":"https:\/\/petityu.com\/en\/wp-json\/wp\/v2\/product_cat?post=9126"},{"taxonomy":"product_tag","embeddable":true,"href":"https:\/\/petityu.com\/en\/wp-json\/wp\/v2\/product_tag?post=9126"}],"curies":[{"name":"wp","href":"https:\/\/api.w.org\/{rel}","templated":true}]}}