{"id":9147,"date":"2026-04-20T13:53:31","date_gmt":"2026-04-20T10:53:31","guid":{"rendered":"https:\/\/petityu.com\/petityu-upf50-gunes-korumali-asiri-sirin-tutu-etekli-tavsan-desenli-kiz-cocuk-mayo\/"},"modified":"2026-04-20T22:42:15","modified_gmt":"2026-04-20T19:42:15","slug":"petityu-upf50-gunes-korumali-asiri-sirin-tutu-etekli-tavsan-desenli-kiz-cocuk-mayo","status":"publish","type":"product","link":"https:\/\/petityu.com\/en\/petityu-upf50-gunes-korumali-asiri-sirin-tutu-etekli-tavsan-desenli-kiz-cocuk-mayo\/","title":{"rendered":"Petityu UPF50+ G\u00fcne\u015f Korumal\u0131 A\u015f\u0131r\u0131 \u015eirin Tutu Etekli Tav\u015fan Desenli K\u0131z \u00c7ocuk Mayo"},"content":{"rendered":"<p>UPF50+ G&uuml;ne\u015f Korumal\u0131 A\u015f\u0131r\u0131 \u015eirin Tutu Etekli Tav\u015fan Desenli K\u0131z &Ccedil;ocuk Mayo&nbsp;<\/p>\n<p>Kal\u0131p buyk tam beden al\u0131n buyuk almay\u0131n\u0131z<\/p>","protected":false},"excerpt":{"rendered":"<p>UPF50+ G&uuml;ne\u015f Korumal\u0131 A\u015f\u0131r\u0131 \u015eirin Tutu Etekli Tav\u015fan Desenli K\u0131z &Ccedil;ocuk Mayo&nbsp; Kal\u0131p buyk tam beden al\u0131n buyuk almay\u0131n\u0131z<\/p>","protected":false},"featured_media":9146,"template":"","meta":[],"product_brand":[],"product_cat":[974],"product_tag":[],"class_list":{"0":"post-9147","1":"product","2":"type-product","3":"status-publish","4":"has-post-thumbnail","6":"product_cat-mayo","8":"first","9":"instock","10":"taxable","11":"shipping-taxable","12":"purchasable","13":"product-type-variable"},"_links":{"self":[{"href":"https:\/\/petityu.com\/en\/wp-json\/wp\/v2\/product\/9147","targetHints":{"allow":["GET"]}}],"collection":[{"href":"https:\/\/petityu.com\/en\/wp-json\/wp\/v2\/product"}],"about":[{"href":"https:\/\/petityu.com\/en\/wp-json\/wp\/v2\/types\/product"}],"wp:featuredmedia":[{"embeddable":true,"href":"https:\/\/petityu.com\/en\/wp-json\/wp\/v2\/media\/9146"}],"wp:attachment":[{"href":"https:\/\/petityu.com\/en\/wp-json\/wp\/v2\/media?parent=9147"}],"wp:term":[{"taxonomy":"product_brand","embeddable":true,"href":"https:\/\/petityu.com\/en\/wp-json\/wp\/v2\/product_brand?post=9147"},{"taxonomy":"product_cat","embeddable":true,"href":"https:\/\/petityu.com\/en\/wp-json\/wp\/v2\/product_cat?post=9147"},{"taxonomy":"product_tag","embeddable":true,"href":"https:\/\/petityu.com\/en\/wp-json\/wp\/v2\/product_tag?post=9147"}],"curies":[{"name":"wp","href":"https:\/\/api.w.org\/{rel}","templated":true}]}}