{"id":9160,"date":"2026-04-20T15:03:53","date_gmt":"2026-04-20T12:03:53","guid":{"rendered":"https:\/\/petityu.com\/petityu-upf50-gunes-korumali-beyaz-laci-mavi-shark-3lu-set-kisa-laci-kol-caution-teething-yazili\/"},"modified":"2026-04-20T15:06:12","modified_gmt":"2026-04-20T12:06:12","slug":"petityu-upf50-gunes-korumali-beyaz-laci-mavi-shark-3lu-set-kisa-laci-kol-caution-teething-yazili","status":"publish","type":"product","link":"https:\/\/petityu.com\/en\/petityu-upf50-gunes-korumali-beyaz-laci-mavi-shark-3lu-set-kisa-laci-kol-caution-teething-yazili\/","title":{"rendered":"Petityu UPF50+ G\u00fcne\u015f Korumal\u0131 Beyaz Laci Mavi Shark 3\u2019l\u00fc Set K\u0131sa Laci Kol Caution Teething Yaz\u0131l\u0131"},"content":{"rendered":"<p><p>UPF50+ G\u00fcne\u015f Korumal\u0131 Erkek \u00c7ocuk Mayo Set<\/p><p>Beyaz Laci Mavi Shark K\u0131sa Kol Caution Teething Yaz\u0131l\u0131 3&#8217;l\u00fc Set<\/p><\/p>","protected":false},"excerpt":{"rendered":"<p>UPF50+ G\u00fcne\u015f Korumal\u0131 Erkek \u00c7ocuk Mayo SetBeyaz Laci Mavi Shark K\u0131sa Kol Caution Teething Yaz\u0131l\u0131 3&#8217;l\u00fc Set<\/p>","protected":false},"featured_media":9159,"template":"","meta":[],"product_brand":[],"product_cat":[987],"product_tag":[],"class_list":{"0":"post-9160","1":"product","2":"type-product","3":"status-publish","4":"has-post-thumbnail","6":"product_cat-mayo-erkekcocuk","8":"first","9":"instock","10":"taxable","11":"shipping-taxable","12":"purchasable","13":"product-type-variable"},"_links":{"self":[{"href":"https:\/\/petityu.com\/en\/wp-json\/wp\/v2\/product\/9160","targetHints":{"allow":["GET"]}}],"collection":[{"href":"https:\/\/petityu.com\/en\/wp-json\/wp\/v2\/product"}],"about":[{"href":"https:\/\/petityu.com\/en\/wp-json\/wp\/v2\/types\/product"}],"wp:featuredmedia":[{"embeddable":true,"href":"https:\/\/petityu.com\/en\/wp-json\/wp\/v2\/media\/9159"}],"wp:attachment":[{"href":"https:\/\/petityu.com\/en\/wp-json\/wp\/v2\/media?parent=9160"}],"wp:term":[{"taxonomy":"product_brand","embeddable":true,"href":"https:\/\/petityu.com\/en\/wp-json\/wp\/v2\/product_brand?post=9160"},{"taxonomy":"product_cat","embeddable":true,"href":"https:\/\/petityu.com\/en\/wp-json\/wp\/v2\/product_cat?post=9160"},{"taxonomy":"product_tag","embeddable":true,"href":"https:\/\/petityu.com\/en\/wp-json\/wp\/v2\/product_tag?post=9160"}],"curies":[{"name":"wp","href":"https:\/\/api.w.org\/{rel}","templated":true}]}}