{"id":9176,"date":"2026-04-21T15:26:43","date_gmt":"2026-04-21T12:26:43","guid":{"rendered":"https:\/\/petityu.com\/petityu-upf50-gunes-korumali-cool-erkek-cocuk-sevimli-doodle-desen-comic-book-sirin-erkek-cocuk-mayo\/"},"modified":"2026-04-21T15:28:25","modified_gmt":"2026-04-21T12:28:25","slug":"petityu-upf50-gunes-korumali-cool-erkek-cocuk-sevimli-doodle-desen-comic-book-sirin-erkek-cocuk-mayo","status":"publish","type":"product","link":"https:\/\/petityu.com\/en\/petityu-upf50-gunes-korumali-cool-erkek-cocuk-sevimli-doodle-desen-comic-book-sirin-erkek-cocuk-mayo\/","title":{"rendered":"Petityu UPF50+ G\u00fcne\u015f Korumal\u0131 Cool Erkek \u00c7ocuk Sevimli Doodle Desen Comic Book \u015eirin Erkek \u00c7ocuk Mayo"},"content":{"rendered":"<p><p>UPF50+ G\u00fcne\u015f Korumal\u0131 Erkek \u00c7ocuk Mayo \u015eapka Set<\/p><p>Sevimli Doodle Desenli Comic Book \u015eirin Cool <\/p><\/p>","protected":false},"excerpt":{"rendered":"<p>UPF50+ G\u00fcne\u015f Korumal\u0131 Erkek \u00c7ocuk Mayo \u015eapka SetSevimli Doodle Desenli Comic Book \u015eirin Cool<\/p>","protected":false},"featured_media":9175,"template":"","meta":[],"product_brand":[],"product_cat":[987],"product_tag":[],"class_list":{"0":"post-9176","1":"product","2":"type-product","3":"status-publish","4":"has-post-thumbnail","6":"product_cat-mayo-erkekcocuk","8":"first","9":"instock","10":"taxable","11":"shipping-taxable","12":"purchasable","13":"product-type-variable"},"_links":{"self":[{"href":"https:\/\/petityu.com\/en\/wp-json\/wp\/v2\/product\/9176","targetHints":{"allow":["GET"]}}],"collection":[{"href":"https:\/\/petityu.com\/en\/wp-json\/wp\/v2\/product"}],"about":[{"href":"https:\/\/petityu.com\/en\/wp-json\/wp\/v2\/types\/product"}],"wp:featuredmedia":[{"embeddable":true,"href":"https:\/\/petityu.com\/en\/wp-json\/wp\/v2\/media\/9175"}],"wp:attachment":[{"href":"https:\/\/petityu.com\/en\/wp-json\/wp\/v2\/media?parent=9176"}],"wp:term":[{"taxonomy":"product_brand","embeddable":true,"href":"https:\/\/petityu.com\/en\/wp-json\/wp\/v2\/product_brand?post=9176"},{"taxonomy":"product_cat","embeddable":true,"href":"https:\/\/petityu.com\/en\/wp-json\/wp\/v2\/product_cat?post=9176"},{"taxonomy":"product_tag","embeddable":true,"href":"https:\/\/petityu.com\/en\/wp-json\/wp\/v2\/product_tag?post=9176"}],"curies":[{"name":"wp","href":"https:\/\/api.w.org\/{rel}","templated":true}]}}