{"id":9185,"date":"2026-04-21T15:48:48","date_gmt":"2026-04-21T12:48:48","guid":{"rendered":"https:\/\/petityu.com\/petityu-up50-mavi-beyaz-kirmizi-shark-kopekbaligi-desen-kirmizi-sort-3lu-t-shirt-sapka-mayo-set\/"},"modified":"2026-04-21T15:50:38","modified_gmt":"2026-04-21T12:50:38","slug":"petityu-up50-mavi-beyaz-kirmizi-shark-kopekbaligi-desen-kirmizi-sort-3lu-t-shirt-sapka-mayo-set","status":"publish","type":"product","link":"https:\/\/petityu.com\/en\/petityu-up50-mavi-beyaz-kirmizi-shark-kopekbaligi-desen-kirmizi-sort-3lu-t-shirt-sapka-mayo-set\/","title":{"rendered":"Petityu UP50+ Mavi Beyaz K\u0131rm\u0131z\u0131 Shark K\u00f6pekbal\u0131\u011f\u0131 Desen K\u0131rm\u0131z\u0131 \u015eort 3\u2019l\u00fc T-shirt \u015eapka Mayo Set"},"content":{"rendered":"<p><p>UPF50+ G\u00fcne\u015f Korumal\u0131 T-shirt \u015eapka Mayo 3&#8217;l\u00fc Set<\/p><p>Mavi Beyaz K\u0131rm\u0131z\u0131 Shark K\u00f6pekbal\u0131\u011f\u0131 Desenli<\/p><\/p>","protected":false},"excerpt":{"rendered":"<p>UPF50+ G\u00fcne\u015f Korumal\u0131 T-shirt \u015eapka Mayo 3&#8217;l\u00fc SetMavi Beyaz K\u0131rm\u0131z\u0131 Shark K\u00f6pekbal\u0131\u011f\u0131 Desenli<\/p>","protected":false},"featured_media":9184,"template":"","meta":[],"product_brand":[],"product_cat":[987],"product_tag":[],"class_list":{"0":"post-9185","1":"product","2":"type-product","3":"status-publish","4":"has-post-thumbnail","6":"product_cat-mayo-erkekcocuk","8":"first","9":"instock","10":"taxable","11":"shipping-taxable","12":"purchasable","13":"product-type-variable"},"_links":{"self":[{"href":"https:\/\/petityu.com\/en\/wp-json\/wp\/v2\/product\/9185","targetHints":{"allow":["GET"]}}],"collection":[{"href":"https:\/\/petityu.com\/en\/wp-json\/wp\/v2\/product"}],"about":[{"href":"https:\/\/petityu.com\/en\/wp-json\/wp\/v2\/types\/product"}],"wp:featuredmedia":[{"embeddable":true,"href":"https:\/\/petityu.com\/en\/wp-json\/wp\/v2\/media\/9184"}],"wp:attachment":[{"href":"https:\/\/petityu.com\/en\/wp-json\/wp\/v2\/media?parent=9185"}],"wp:term":[{"taxonomy":"product_brand","embeddable":true,"href":"https:\/\/petityu.com\/en\/wp-json\/wp\/v2\/product_brand?post=9185"},{"taxonomy":"product_cat","embeddable":true,"href":"https:\/\/petityu.com\/en\/wp-json\/wp\/v2\/product_cat?post=9185"},{"taxonomy":"product_tag","embeddable":true,"href":"https:\/\/petityu.com\/en\/wp-json\/wp\/v2\/product_tag?post=9185"}],"curies":[{"name":"wp","href":"https:\/\/api.w.org\/{rel}","templated":true}]}}