{"id":9202,"date":"2026-04-22T13:32:02","date_gmt":"2026-04-22T10:32:02","guid":{"rendered":"https:\/\/petityu.com\/petityu-up50-gunes-korumali-tek-kol-lacivert-shark-kisa-kol-erkek-cocuk-mayo-t-shirt-sapka-set\/"},"modified":"2026-04-22T13:34:37","modified_gmt":"2026-04-22T10:34:37","slug":"petityu-up50-gunes-korumali-tek-kol-lacivert-shark-kisa-kol-erkek-cocuk-mayo-t-shirt-sapka-set","status":"publish","type":"product","link":"https:\/\/petityu.com\/en\/petityu-up50-gunes-korumali-tek-kol-lacivert-shark-kisa-kol-erkek-cocuk-mayo-t-shirt-sapka-set\/","title":{"rendered":"Petityu UP50+ G\u00fcne\u015f Korumal\u0131 Tek Kol Lacivert Shark K\u0131sa Kol Erkek \u00c7ocuk Mayo T-shirt \u015eapka Set"},"content":{"rendered":"<p><p>UPF50+ G\u00fcne\u015f Korumal\u0131 Erkek \u00c7ocuk Mayo T-shirt \u015eapka Set<\/p><p>Tek Kol Lacivert Shark Desenli<\/p><\/p>","protected":false},"excerpt":{"rendered":"<p>UPF50+ G\u00fcne\u015f Korumal\u0131 Erkek \u00c7ocuk Mayo T-shirt \u015eapka SetTek Kol Lacivert Shark Desenli<\/p>","protected":false},"featured_media":9201,"template":"","meta":[],"product_brand":[],"product_cat":[987],"product_tag":[],"class_list":{"0":"post-9202","1":"product","2":"type-product","3":"status-publish","4":"has-post-thumbnail","6":"product_cat-mayo-erkekcocuk","8":"first","9":"instock","10":"taxable","11":"shipping-taxable","12":"purchasable","13":"product-type-variable"},"_links":{"self":[{"href":"https:\/\/petityu.com\/en\/wp-json\/wp\/v2\/product\/9202","targetHints":{"allow":["GET"]}}],"collection":[{"href":"https:\/\/petityu.com\/en\/wp-json\/wp\/v2\/product"}],"about":[{"href":"https:\/\/petityu.com\/en\/wp-json\/wp\/v2\/types\/product"}],"wp:featuredmedia":[{"embeddable":true,"href":"https:\/\/petityu.com\/en\/wp-json\/wp\/v2\/media\/9201"}],"wp:attachment":[{"href":"https:\/\/petityu.com\/en\/wp-json\/wp\/v2\/media?parent=9202"}],"wp:term":[{"taxonomy":"product_brand","embeddable":true,"href":"https:\/\/petityu.com\/en\/wp-json\/wp\/v2\/product_brand?post=9202"},{"taxonomy":"product_cat","embeddable":true,"href":"https:\/\/petityu.com\/en\/wp-json\/wp\/v2\/product_cat?post=9202"},{"taxonomy":"product_tag","embeddable":true,"href":"https:\/\/petityu.com\/en\/wp-json\/wp\/v2\/product_tag?post=9202"}],"curies":[{"name":"wp","href":"https:\/\/api.w.org\/{rel}","templated":true}]}}