{"id":9219,"date":"2026-04-22T14:24:21","date_gmt":"2026-04-22T11:24:21","guid":{"rendered":"https:\/\/petityu.com\/?post_type=product&#038;p=9219"},"modified":"2026-04-22T14:24:46","modified_gmt":"2026-04-22T11:24:46","slug":"petityu-upf50-turuncu-laci-kopekbaligi-sortu-cizgili-kisa-kol-t-shirt-sort-mayo-sapka-set","status":"publish","type":"product","link":"https:\/\/petityu.com\/en\/petityu-upf50-turuncu-laci-kopekbaligi-sortu-cizgili-kisa-kol-t-shirt-sort-mayo-sapka-set\/","title":{"rendered":"Petityu UPF50+ Turuncu Laci K\u00f6pekbal\u0131\u011f\u0131 \u015eortu \u00c7izgili K\u0131sa Kol T-shirt \u015eort Mayo \u015eapka Set"},"content":{"rendered":"<p><p>UPF50+ G\u00fcne\u015f Korumal\u0131 Erkek \u00c7ocuk T-shirt \u015eort \u015eapka Mayo Set<\/p><p>Turuncu Lacivert K\u00f6pekbal\u0131\u011f\u0131 Desenli<\/p><p>\u015eortu \u00c7izgili K\u0131sa Kollu<\/p><\/p>","protected":false},"excerpt":{"rendered":"<p>UPF50+ G\u00fcne\u015f Korumal\u0131 Erkek \u00c7ocuk T-shirt \u015eort \u015eapka Mayo SetTuruncu Lacivert K\u00f6pekbal\u0131\u011f\u0131 Desenli\u015eortu \u00c7izgili K\u0131sa Kollu<\/p>","protected":false},"featured_media":9218,"template":"","meta":[],"product_brand":[],"product_cat":[987],"product_tag":[],"class_list":{"0":"post-9219","1":"product","2":"type-product","3":"status-publish","4":"has-post-thumbnail","6":"product_cat-mayo-erkekcocuk","8":"first","9":"instock","10":"taxable","11":"shipping-taxable","12":"purchasable","13":"product-type-variable"},"_links":{"self":[{"href":"https:\/\/petityu.com\/en\/wp-json\/wp\/v2\/product\/9219","targetHints":{"allow":["GET"]}}],"collection":[{"href":"https:\/\/petityu.com\/en\/wp-json\/wp\/v2\/product"}],"about":[{"href":"https:\/\/petityu.com\/en\/wp-json\/wp\/v2\/types\/product"}],"wp:featuredmedia":[{"embeddable":true,"href":"https:\/\/petityu.com\/en\/wp-json\/wp\/v2\/media\/9218"}],"wp:attachment":[{"href":"https:\/\/petityu.com\/en\/wp-json\/wp\/v2\/media?parent=9219"}],"wp:term":[{"taxonomy":"product_brand","embeddable":true,"href":"https:\/\/petityu.com\/en\/wp-json\/wp\/v2\/product_brand?post=9219"},{"taxonomy":"product_cat","embeddable":true,"href":"https:\/\/petityu.com\/en\/wp-json\/wp\/v2\/product_cat?post=9219"},{"taxonomy":"product_tag","embeddable":true,"href":"https:\/\/petityu.com\/en\/wp-json\/wp\/v2\/product_tag?post=9219"}],"curies":[{"name":"wp","href":"https:\/\/api.w.org\/{rel}","templated":true}]}}