{"id":9243,"date":"2026-04-22T16:39:15","date_gmt":"2026-04-22T13:39:15","guid":{"rendered":"https:\/\/petityu.com\/?post_type=product&#038;p=9243"},"modified":"2026-04-22T16:41:00","modified_gmt":"2026-04-22T13:41:00","slug":"petityu-upf50-gunes-korumali-turuncu-sapkali-kaykay-music-indigo-sort-mayo-3lu-set","status":"publish","type":"product","link":"https:\/\/petityu.com\/en\/petityu-upf50-gunes-korumali-turuncu-sapkali-kaykay-music-indigo-sort-mayo-3lu-set\/","title":{"rendered":"Petityu UPF50+ G\u00fcne\u015f Korumal\u0131 Turuncu \u015eapkal\u0131 Kaykay Music Indigo \u015eort Mayo 3&#8217;l\u00fc Set"},"content":{"rendered":"<p><p>UPF50+ G\u00fcne\u015f Korumal\u0131 Erkek \u00c7ocuk 3&#8217;l\u00fc Mayo Set<\/p><p>Turuncu \u015eapkal\u0131 Kaykay Music Indigo Desenli &nbsp;<\/p><\/p>","protected":false},"excerpt":{"rendered":"<p>UPF50+ G\u00fcne\u015f Korumal\u0131 Erkek \u00c7ocuk 3&#8217;l\u00fc Mayo SetTuruncu \u015eapkal\u0131 Kaykay Music Indigo Desenli &nbsp;<\/p>","protected":false},"featured_media":9242,"template":"","meta":[],"product_brand":[],"product_cat":[987],"product_tag":[],"class_list":{"0":"post-9243","1":"product","2":"type-product","3":"status-publish","4":"has-post-thumbnail","6":"product_cat-mayo-erkekcocuk","8":"first","9":"instock","10":"taxable","11":"shipping-taxable","12":"purchasable","13":"product-type-variable"},"_links":{"self":[{"href":"https:\/\/petityu.com\/en\/wp-json\/wp\/v2\/product\/9243","targetHints":{"allow":["GET"]}}],"collection":[{"href":"https:\/\/petityu.com\/en\/wp-json\/wp\/v2\/product"}],"about":[{"href":"https:\/\/petityu.com\/en\/wp-json\/wp\/v2\/types\/product"}],"wp:featuredmedia":[{"embeddable":true,"href":"https:\/\/petityu.com\/en\/wp-json\/wp\/v2\/media\/9242"}],"wp:attachment":[{"href":"https:\/\/petityu.com\/en\/wp-json\/wp\/v2\/media?parent=9243"}],"wp:term":[{"taxonomy":"product_brand","embeddable":true,"href":"https:\/\/petityu.com\/en\/wp-json\/wp\/v2\/product_brand?post=9243"},{"taxonomy":"product_cat","embeddable":true,"href":"https:\/\/petityu.com\/en\/wp-json\/wp\/v2\/product_cat?post=9243"},{"taxonomy":"product_tag","embeddable":true,"href":"https:\/\/petityu.com\/en\/wp-json\/wp\/v2\/product_tag?post=9243"}],"curies":[{"name":"wp","href":"https:\/\/api.w.org\/{rel}","templated":true}]}}